{"id":1767,"date":"2025-03-12T22:12:45","date_gmt":"2025-03-12T21:12:45","guid":{"rendered":"https:\/\/hejanpol.pl\/?page_id=1767"},"modified":"2025-03-13T13:11:46","modified_gmt":"2025-03-13T12:11:46","slug":"polityka-prywatnosci","status":"publish","type":"page","link":"https:\/\/hejanpol.pl\/index.php\/polityka-prywatnosci\/","title":{"rendered":"Polityka prywatno\u015bci"},"content":{"rendered":"\t\t<div data-elementor-type=\"wp-page\" data-elementor-id=\"1767\" class=\"elementor elementor-1767\" data-elementor-post-type=\"page\">\n\t\t\t\t\t\t<section class=\"elementor-section elementor-top-section elementor-element elementor-element-937975e elementor-section-content-middle elementor-section-boxed elementor-section-height-default elementor-section-height-default\" data-id=\"937975e\" data-element_type=\"section\">\n\t\t\t\t\t\t<div class=\"elementor-container elementor-column-gap-no\">\n\t\t\t\t\t<div class=\"elementor-column elementor-col-100 elementor-top-column elementor-element elementor-element-296f97a\" data-id=\"296f97a\" data-element_type=\"column\">\n\t\t\t<div class=\"elementor-widget-wrap elementor-element-populated\">\n\t\t\t\t\t\t<div class=\"elementor-element elementor-element-7047b79 elementor-widget elementor-widget-heading\" data-id=\"7047b79\" data-element_type=\"widget\" data-widget_type=\"heading.default\">\n\t\t\t\t<div class=\"elementor-widget-container\">\n\t\t\t\t\t<h4 class=\"elementor-heading-title elementor-size-default\">pOLITYKA PRYWATNO\u015aCI<\/h4>\t\t\t\t<\/div>\n\t\t\t\t<\/div>\n\t\t\t\t<div class=\"elementor-element elementor-element-9b026a9 elementor-widget elementor-widget-text-editor\" data-id=\"9b026a9\" data-element_type=\"widget\" data-widget_type=\"text-editor.default\">\n\t\t\t\t<div class=\"elementor-widget-container\">\n\t\t\t\t\t\t\t\t\t<p><strong>Klauzula informacyjna &#8211; RODO obowi\u0105zek informacyjny<\/strong><\/p>\n<p>Ka\u017cdej osobie, kt\u00f3rej dane dotycz\u0105, przys\u0142uguje prawo do uzyskania informacji o zasadach przetwarzania i zabezpieczania danych oraz kontroli ich przetwarzania w oparciu o art. 13 Rozporz\u0105dzenia Parlamentu Europejskiego i Rady UE 2016\/679 z dnia 27 kwietnia 2016 r. w sprawie ochrony os\u00f3b fizycznych w zwi\u0105zku z przetwarzaniem danych osobowych i w sprawie swobodnego przep\u0142ywu takich danych oraz uchylenia dyrektywy 95\/46\/WE, zwanym dalej og\u00f3lnym rozporz\u0105dzeniem o ochronie danych osobowych (RODO).<\/p>\n<p>Administratorem Pani\/Pana danych osobowych jest Przedsi\u0119biorstwo Handlowo Us\u0142ugowe&nbsp; HEJANPOL Hebda Jan, ul. Baczy\u0144skiego 28\/4, 68-200 \u017bary , mob.: +48 600&nbsp;231&nbsp;956, mob.: +48&nbsp;734&nbsp;102&nbsp;892, adres e-mail: <a href=\"mailto:hejanpol@hejanpol.pl\">hejanpol@hejanpol.pl<\/a> o nadanym numerze identyfikacji podatkowej (NIP):&nbsp;928-170-62-09, o nadanym numerze REGON:&nbsp; 080217987<\/p>\n<ol>\n<li>Pani\/Pana dane osobowe przetwarza\u0107 b\u0119dziemy w celu udzielenia odpowiedzi na zadane pytanie w formularzu kontaktowym oraz do przedstawienia oferty je\u015bli osoba wyra\u017caj\u0105ca zgod\u0119 poprosi o ofert\u0119.<\/li>\n<li>Podstawy prawne przetwarzania Pani\/Pana stanowi\u0105: Rozporz\u0105dzenie Parlamentu Europejskiego i Rady UE 2016\/679 z dnia 27 kwietnia 2016 r. w sprawie ochrony os\u00f3b fizycznych w zwi\u0105zku z przetwarzaniem danych osobowych i w sprawie swobodnego przep\u0142ywu takich danych oraz uchylenia dyrektywy 95\/46\/WE, zwanym dalej og\u00f3lnym rozporz\u0105dzeniem o ochronie danych osobowych (RODO):\n<ul>\n<li>w celu odpowiedzi na pytania za po\u015brednictwem formularzy kontaktowych na stronie internetowej na podstawie art. 6, ust. 1, lit. a RODO (osoba, kt\u00f3rej dane dotycz\u0105 wyrazi\u0142a zgod\u0119 na przetwarzanie swoich danych osobowych, kt\u00f3rym jest d\u0105\u017cenie do za\u0142atwienia sprawy)<\/li>\n<li>w celu niezb\u0119dnym do wype\u0142nienia obowi\u0105zku prawnego np. wynikaj\u0105cego z przepis\u00f3w podatkowych lub rachunkowych zgodnie z art 6 ust. 6 lit. c<\/li>\n<\/ul>\n<\/li>\n<li>Okres przechowywania danych osobowych:<\/li>\n<\/ol>\n<ol>\n<li>dane osobowe przetwarzane w celu zawarcia lub wykonania umowy oraz wype\u0142nienia obowi\u0105zku prawnego Administratora b\u0119dziemy przechowywa\u0107 przez okres obowi\u0105zywania umowy, a po jego up\u0142ywie przez okres niezb\u0119dny do:<\/li>\n<\/ol>\n<ol>\n<li style=\"list-style-type: none;\">\n<ol>\n<li style=\"list-style-type: none;\">\n<ul>\n<li>posprzeda\u017cowej obs\u0142ugi klient\u00f3w (np. obs\u0142ugi reklamacji)<\/li>\n<li>zabezpieczenia lub dochodzenia ewentualnych roszcze\u0144<\/li>\n<li>wype\u0142nienia obowi\u0105zku prawnego administratora danych (np. wynikaj\u0105cego z przepis\u00f3w podatkowych lub rachunkowych)<\/li>\n<\/ul>\n<\/li>\n<\/ol>\n<\/li>\n<\/ol>\n<ol start=\"2\">\n<li>dane osobowe przetwarzane w celu odpowiedzi na pytania za po\u015brednictwem formularzy kontaktowych na stronie internetowej do czasu zg\u0142oszenia skutecznego sprzeciwu, nie d\u0142u\u017cej ni\u017c jeden rok od zako\u0144czenia korespondencji<\/li>\n<li>dane osobowe przetwarzane na podstawie odr\u0119bnej zgody b\u0119d\u0105 przechowywane do czasu jej odwo\u0142ania.<\/li>\n<\/ol>\n<ol>\n<li>Posiada Pani\/Pan prawo do \u017c\u0105dania od administratora dost\u0119pu do danych osobowych dotycz\u0105cych osoby, kt\u00f3rej dane dotycz\u0105, ich sprostowania, usuni\u0119cia lub ograniczenia przetwarzania, prawo do wniesienia sprzeciwu wobec przetwarzania, a tak\u017ce prawo do przenoszenia danych i prawo do cofni\u0119cia zgody w dowolnym momencie (bez wp\u0142ywu na zgodno\u015b\u0107 z prawem przetwarzania, kt\u00f3rego dokonano na podstawie zgody przed jej cofni\u0119ciem)<\/li>\n<li>Gdy uzna Pan\/Pani, i\u017c Przedsi\u0119biorstwo Handlowo Us\u0142ugowe&nbsp; HEJANPOL Hebda Jan, jako administrator danych, przetwarza dane osobowe w spos\u00f3b naruszaj\u0105cy przepisy og\u00f3lnego rozporz\u0105dzenia o ochronie danych osobowych z dnia 27 kwietnia 2016 r., ma Pani\/Pan prawo do wniesienia skargi do Prezesa Urz\u0119du Ochrony Danych Osobowych.<\/li>\n<li>Podanie przez Pani\u0105\/Pana danych osobowych w zakresie wymog\u00f3w ustawowych jest obowi\u0105zkowe a w pozosta\u0142ym jest dobrowolne.<\/li><\/ol>\t\t\t\t\t\t\t\t<\/div>\n\t\t\t\t<\/div>\n\t\t\t\t\t<\/div>\n\t\t<\/div>\n\t\t\t\t\t<\/div>\n\t\t<\/section>\n\t\t\t\t<\/div>\n\t\t","protected":false},"excerpt":{"rendered":"<p>pOLITYKA PRYWATNO\u015aCI Klauzula informacyjna &#8211; RODO obowi\u0105zek informacyjny Ka\u017cdej osobie, kt\u00f3rej dane dotycz\u0105, przys\u0142uguje prawo do uzyskania informacji o zasadach przetwarzania i zabezpieczania danych oraz kontroli ich przetwarzania w oparciu o art. 13 Rozporz\u0105dzenia Parlamentu Europejskiego i Rady UE 2016\/679 z dnia 27 kwietnia 2016 r. w sprawie ochrony os\u00f3b fizycznych w zwi\u0105zku z przetwarzaniem [&hellip;]<\/p>\n","protected":false},"author":1,"featured_media":0,"parent":0,"menu_order":0,"comment_status":"closed","ping_status":"closed","template":"","meta":{"footnotes":""},"class_list":["post-1767","page","type-page","status-publish","hentry"],"_links":{"self":[{"href":"https:\/\/hejanpol.pl\/index.php\/wp-json\/wp\/v2\/pages\/1767","targetHints":{"allow":["GET"]}}],"collection":[{"href":"https:\/\/hejanpol.pl\/index.php\/wp-json\/wp\/v2\/pages"}],"about":[{"href":"https:\/\/hejanpol.pl\/index.php\/wp-json\/wp\/v2\/types\/page"}],"author":[{"embeddable":true,"href":"https:\/\/hejanpol.pl\/index.php\/wp-json\/wp\/v2\/users\/1"}],"replies":[{"embeddable":true,"href":"https:\/\/hejanpol.pl\/index.php\/wp-json\/wp\/v2\/comments?post=1767"}],"version-history":[{"count":10,"href":"https:\/\/hejanpol.pl\/index.php\/wp-json\/wp\/v2\/pages\/1767\/revisions"}],"predecessor-version":[{"id":2176,"href":"https:\/\/hejanpol.pl\/index.php\/wp-json\/wp\/v2\/pages\/1767\/revisions\/2176"}],"wp:attachment":[{"href":"https:\/\/hejanpol.pl\/index.php\/wp-json\/wp\/v2\/media?parent=1767"}],"curies":[{"name":"wp","href":"https:\/\/api.w.org\/{rel}","templated":true}]}}