{"id":1701,"date":"2025-03-12T21:02:57","date_gmt":"2025-03-12T20:02:57","guid":{"rendered":"https:\/\/hejanpol.pl\/?page_id=1701"},"modified":"2025-03-13T13:05:27","modified_gmt":"2025-03-13T12:05:27","slug":"koszenie-traw","status":"publish","type":"page","link":"https:\/\/hejanpol.pl\/index.php\/koszenie-traw\/","title":{"rendered":"Koszenie traw"},"content":{"rendered":"\t\t<div data-elementor-type=\"wp-page\" data-elementor-id=\"1701\" class=\"elementor elementor-1701\" data-elementor-post-type=\"page\">\n\t\t\t\t\t\t<section class=\"elementor-section elementor-top-section elementor-element elementor-element-e4da907 elementor-section-content-middle elementor-section-boxed elementor-section-height-default elementor-section-height-default\" data-id=\"e4da907\" data-element_type=\"section\">\n\t\t\t\t\t\t<div class=\"elementor-container elementor-column-gap-no\">\n\t\t\t\t\t<div class=\"elementor-column elementor-col-100 elementor-top-column elementor-element elementor-element-1ecdb1a\" data-id=\"1ecdb1a\" data-element_type=\"column\">\n\t\t\t<div class=\"elementor-widget-wrap elementor-element-populated\">\n\t\t\t\t\t\t<div class=\"elementor-element elementor-element-ea2e482 elementor-widget elementor-widget-heading\" data-id=\"ea2e482\" data-element_type=\"widget\" data-widget_type=\"heading.default\">\n\t\t\t\t<div class=\"elementor-widget-container\">\n\t\t\t\t\t<h4 class=\"elementor-heading-title elementor-size-default\">Koszenie traw<\/h4>\t\t\t\t<\/div>\n\t\t\t\t<\/div>\n\t\t\t\t<div class=\"elementor-element elementor-element-8eea0af elementor-widget elementor-widget-gallery\" data-id=\"8eea0af\" data-element_type=\"widget\" data-settings=\"{&quot;columns&quot;:3,&quot;gap&quot;:{&quot;unit&quot;:&quot;px&quot;,&quot;size&quot;:25,&quot;sizes&quot;:[]},&quot;lazyload&quot;:&quot;yes&quot;,&quot;gallery_layout&quot;:&quot;grid&quot;,&quot;columns_tablet&quot;:2,&quot;columns_mobile&quot;:1,&quot;gap_tablet&quot;:{&quot;unit&quot;:&quot;px&quot;,&quot;size&quot;:10,&quot;sizes&quot;:[]},&quot;gap_mobile&quot;:{&quot;unit&quot;:&quot;px&quot;,&quot;size&quot;:10,&quot;sizes&quot;:[]},&quot;link_to&quot;:&quot;file&quot;,&quot;aspect_ratio&quot;:&quot;3:2&quot;,&quot;overlay_background&quot;:&quot;yes&quot;,&quot;content_hover_animation&quot;:&quot;fade-in&quot;}\" data-widget_type=\"gallery.default\">\n\t\t\t\t<div class=\"elementor-widget-container\">\n\t\t\t\t\t\t\t<div class=\"elementor-gallery__container\">\n\t\t\t\t\t\t\t<a class=\"e-gallery-item elementor-gallery-item elementor-animated-content\" href=\"https:\/\/hejanpol.pl\/wp-content\/uploads\/2025\/03\/009.jpg\" data-elementor-open-lightbox=\"yes\" data-elementor-lightbox-slideshow=\"8eea0af\" data-elementor-lightbox-title=\"HEJANPOL \u2022 Brukarstwo, roboty zieamne, budowa parking\u00f3w, utrzymanie dr\u00f3g i autostrad\" data-elementor-lightbox-description=\"HEJANPOL \u2022 Brukarstwo, roboty zieamne, budowa parking\u00f3w, utrzymanie dr\u00f3g i autostrad\" data-e-action-hash=\"#elementor-action%3Aaction%3Dlightbox%26settings%3DeyJpZCI6MTkwMiwidXJsIjoiaHR0cHM6XC9cL2hlamFucG9sLnBsXC93cC1jb250ZW50XC91cGxvYWRzXC8yMDI1XC8wM1wvMDA5LmpwZyIsInNsaWRlc2hvdyI6IjhlZWEwYWYifQ%3D%3D\">\n\t\t\t\t\t<div class=\"e-gallery-image elementor-gallery-item__image\" data-thumbnail=\"https:\/\/hejanpol.pl\/wp-content\/uploads\/2025\/03\/009.jpg\" data-width=\"1440\" data-height=\"900\" aria-label=\"HEJANPOL \u2022 Brukarstwo, roboty zieamne, budowa parking\u00f3w, utrzymanie dr\u00f3g i autostrad\" role=\"img\" ><\/div>\n\t\t\t\t\t\t\t\t\t\t\t<div class=\"elementor-gallery-item__overlay\"><\/div>\n\t\t\t\t\t\t\t\t\t\t\t\t\t\t<\/a>\n\t\t\t\t\t\t\t<a class=\"e-gallery-item elementor-gallery-item elementor-animated-content\" href=\"https:\/\/hejanpol.pl\/wp-content\/uploads\/2025\/03\/015.jpg\" data-elementor-open-lightbox=\"yes\" data-elementor-lightbox-slideshow=\"8eea0af\" data-elementor-lightbox-title=\"HEJANPOL \u2022 Brukarstwo, roboty zieamne, budowa parking\u00f3w, utrzymanie dr\u00f3g i autostrad\" data-elementor-lightbox-description=\"HEJANPOL \u2022 Brukarstwo, roboty zieamne, budowa parking\u00f3w, utrzymanie dr\u00f3g i autostrad\" data-e-action-hash=\"#elementor-action%3Aaction%3Dlightbox%26settings%3DeyJpZCI6MTkwOCwidXJsIjoiaHR0cHM6XC9cL2hlamFucG9sLnBsXC93cC1jb250ZW50XC91cGxvYWRzXC8yMDI1XC8wM1wvMDE1LmpwZyIsInNsaWRlc2hvdyI6IjhlZWEwYWYifQ%3D%3D\">\n\t\t\t\t\t<div class=\"e-gallery-image elementor-gallery-item__image\" data-thumbnail=\"https:\/\/hejanpol.pl\/wp-content\/uploads\/2025\/03\/015.jpg\" data-width=\"1440\" data-height=\"900\" aria-label=\"HEJANPOL \u2022 Brukarstwo, roboty zieamne, budowa parking\u00f3w, utrzymanie dr\u00f3g i autostrad\" role=\"img\" ><\/div>\n\t\t\t\t\t\t\t\t\t\t\t<div class=\"elementor-gallery-item__overlay\"><\/div>\n\t\t\t\t\t\t\t\t\t\t\t\t\t\t<\/a>\n\t\t\t\t\t\t\t<a class=\"e-gallery-item elementor-gallery-item elementor-animated-content\" href=\"https:\/\/hejanpol.pl\/wp-content\/uploads\/2025\/03\/014.jpg\" data-elementor-open-lightbox=\"yes\" data-elementor-lightbox-slideshow=\"8eea0af\" data-elementor-lightbox-title=\"HEJANPOL \u2022 Brukarstwo, roboty zieamne, budowa parking\u00f3w, utrzymanie dr\u00f3g i autostrad\" data-elementor-lightbox-description=\"HEJANPOL \u2022 Brukarstwo, roboty zieamne, budowa parking\u00f3w, utrzymanie dr\u00f3g i autostrad\" data-e-action-hash=\"#elementor-action%3Aaction%3Dlightbox%26settings%3DeyJpZCI6MTkwNywidXJsIjoiaHR0cHM6XC9cL2hlamFucG9sLnBsXC93cC1jb250ZW50XC91cGxvYWRzXC8yMDI1XC8wM1wvMDE0LmpwZyIsInNsaWRlc2hvdyI6IjhlZWEwYWYifQ%3D%3D\">\n\t\t\t\t\t<div class=\"e-gallery-image elementor-gallery-item__image\" data-thumbnail=\"https:\/\/hejanpol.pl\/wp-content\/uploads\/2025\/03\/014.jpg\" data-width=\"1440\" data-height=\"900\" aria-label=\"HEJANPOL \u2022 Brukarstwo, roboty zieamne, budowa parking\u00f3w, utrzymanie dr\u00f3g i autostrad\" role=\"img\" ><\/div>\n\t\t\t\t\t\t\t\t\t\t\t<div class=\"elementor-gallery-item__overlay\"><\/div>\n\t\t\t\t\t\t\t\t\t\t\t\t\t\t<\/a>\n\t\t\t\t\t<\/div>\n\t\t\t\t\t<\/div>\n\t\t\t\t<\/div>\n\t\t\t\t<div class=\"elementor-element elementor-element-dfee497 elementor-widget elementor-widget-heading\" data-id=\"dfee497\" data-element_type=\"widget\" data-widget_type=\"heading.default\">\n\t\t\t\t<div class=\"elementor-widget-container\">\n\t\t\t\t\t<h5 class=\"elementor-heading-title elementor-size-default\">Nasza firma oferuje kompleksowe us\u0142ugi koszenia traw, dostosowane do r\u00f3\u017cnych rodzaj\u00f3w teren\u00f3w, takich jak pobocza dr\u00f3g i autostrad, place, tereny firmowe, parki i przestrzenie publiczne. Dzi\u0119ki nowoczesnemu sprz\u0119towi i do\u015bwiadczonemu zespo\u0142owi zapewniamy dok\u0142adne, szybkie i estetyczne utrzymanie zieleni w optymalnym stanie. Regularna piel\u0119gnacja trawnik\u00f3w oraz teren\u00f3w zielonych wp\u0142ywa na estetyk\u0119 otoczenia, bezpiecze\u0144stwo oraz komfort u\u017cytkownik\u00f3w.<\/h5>\t\t\t\t<\/div>\n\t\t\t\t<\/div>\n\t\t\t\t\t<\/div>\n\t\t<\/div>\n\t\t\t\t\t<\/div>\n\t\t<\/section>\n\t\t\t\t<section class=\"elementor-section elementor-top-section elementor-element elementor-element-b1816d5 elementor-section-boxed elementor-section-height-default elementor-section-height-default\" data-id=\"b1816d5\" data-element_type=\"section\">\n\t\t\t\t\t\t<div class=\"elementor-container elementor-column-gap-default\">\n\t\t\t\t\t<div class=\"elementor-column elementor-col-100 elementor-top-column elementor-element elementor-element-da3b2d5\" data-id=\"da3b2d5\" data-element_type=\"column\">\n\t\t\t<div class=\"elementor-widget-wrap elementor-element-populated\">\n\t\t\t\t\t\t<div class=\"elementor-element elementor-element-cb04fb4 elementor-widget elementor-widget-text-editor\" data-id=\"cb04fb4\" data-element_type=\"widget\" data-widget_type=\"text-editor.default\">\n\t\t\t\t<div class=\"elementor-widget-container\">\n\t\t\t\t\t\t\t\t\t<h3 data-start=\"548\" data-end=\"585\"><strong data-start=\"552\" data-end=\"583\">Zakres us\u0142ug koszenia traw:<\/strong><\/h3><p data-start=\"587\" data-end=\"1623\"><strong data-start=\"589\" data-end=\"626\">\u23f9\ufe0e Koszenie poboczy dr\u00f3g i autostrad<\/strong> \u2013 usuwanie wysokiej trawy i chwast\u00f3w wzd\u0142u\u017c tras komunikacyjnych, poprawa widoczno\u015bci i bezpiecze\u0144stwa<br data-start=\"735\" data-end=\"738\" \/><strong data-start=\"740\" data-end=\"771\">\u23f9\ufe0e Koszenie plac\u00f3w i parking\u00f3w<\/strong> \u2013 piel\u0119gnacja teren\u00f3w wok\u00f3\u0142 budynk\u00f3w przemys\u0142owych, biur, magazyn\u00f3w i centr\u00f3w handlowych<br data-start=\"860\" data-end=\"863\" \/><strong data-start=\"865\" data-end=\"911\">\u23f9\ufe0e Koszenie teren\u00f3w firmowych i przemys\u0142owych<\/strong> \u2013 estetyczne utrzymanie zieleni wok\u00f3\u0142 zak\u0142ad\u00f3w pracy, hoteli i obiekt\u00f3w handlowych<br data-start=\"994\" data-end=\"997\" \/><strong data-start=\"999\" data-end=\"1051\">\u23f9\ufe0e Koszenie park\u00f3w, skwer\u00f3w i teren\u00f3w rekreacyjnych<\/strong> \u2013 utrzymanie trawnik\u00f3w w optymalnej d\u0142ugo\u015bci dla komfortu u\u017cytkownik\u00f3w<br data-start=\"1122\" data-end=\"1125\" \/><strong data-start=\"1127\" data-end=\"1166\">\u23f9\ufe0e Koszenie boisk i teren\u00f3w sportowych<\/strong> \u2013 precyzyjna piel\u0119gnacja murawy, zapewniaj\u0105ca odpowiednie warunki do u\u017cytkowania<br data-start=\"1247\" data-end=\"1250\" \/><strong data-start=\"1252\" data-end=\"1297\">\u23f9\ufe0e Koszenie dzia\u0142ek budowlanych i nieu\u017cytk\u00f3w<\/strong> \u2013 usuwanie wysokiej trawy, chwast\u00f3w i zaro\u015bli, przygotowanie terenu pod inwestycje<br data-start=\"1380\" data-end=\"1383\" \/><strong data-start=\"1385\" data-end=\"1432\">\u23f9\ufe0e Mulczowanie i rozdrabnianie skoszonej trawy<\/strong> \u2013 ekologiczne zagospodarowanie skoszonej ro\u015blinno\u015bci, poprawa jako\u015bci gleby<br data-start=\"1508\" data-end=\"1511\" \/><strong data-start=\"1513\" data-end=\"1570\">\u23f9\ufe0e Mechaniczne usuwanie chwast\u00f3w i zarastaj\u0105cych teren\u00f3w<\/strong> \u2013 zapobieganie rozrostowi niepo\u017c\u0105danej ro\u015blinno\u015bci<\/p>\t\t\t\t\t\t\t\t<\/div>\n\t\t\t\t<\/div>\n\t\t\t\t\t<\/div>\n\t\t<\/div>\n\t\t\t\t\t<\/div>\n\t\t<\/section>\n\t\t\t\t<section class=\"elementor-section elementor-top-section elementor-element elementor-element-4e70c55 elementor-section-boxed elementor-section-height-default elementor-section-height-default\" data-id=\"4e70c55\" data-element_type=\"section\">\n\t\t\t\t\t\t<div class=\"elementor-container elementor-column-gap-default\">\n\t\t\t\t\t<div class=\"elementor-column elementor-col-100 elementor-top-column elementor-element elementor-element-373cb0a\" data-id=\"373cb0a\" data-element_type=\"column\">\n\t\t\t<div class=\"elementor-widget-wrap elementor-element-populated\">\n\t\t\t\t\t\t<div class=\"elementor-element elementor-element-0fb6c2e elementor-widget-divider--view-line elementor-widget elementor-widget-divider\" data-id=\"0fb6c2e\" data-element_type=\"widget\" data-widget_type=\"divider.default\">\n\t\t\t\t<div class=\"elementor-widget-container\">\n\t\t\t\t\t\t\t<div class=\"elementor-divider\">\n\t\t\t<span class=\"elementor-divider-separator\">\n\t\t\t\t\t\t<\/span>\n\t\t<\/div>\n\t\t\t\t\t\t<\/div>\n\t\t\t\t<\/div>\n\t\t\t\t\t<\/div>\n\t\t<\/div>\n\t\t\t\t\t<\/div>\n\t\t<\/section>\n\t\t\t\t<section class=\"elementor-section elementor-top-section elementor-element elementor-element-2670990 elementor-section-full_width elementor-section-height-default elementor-section-height-default\" data-id=\"2670990\" data-element_type=\"section\">\n\t\t\t\t\t\t<div class=\"elementor-container elementor-column-gap-no\">\n\t\t\t\t\t<div class=\"elementor-column elementor-col-100 elementor-top-column elementor-element elementor-element-7c6025e\" data-id=\"7c6025e\" data-element_type=\"column\">\n\t\t\t<div class=\"elementor-widget-wrap elementor-element-populated\">\n\t\t\t\t\t\t<section class=\"elementor-section elementor-inner-section elementor-element elementor-element-0491dab elementor-section-content-middle elementor-section-boxed elementor-section-height-default elementor-section-height-default\" data-id=\"0491dab\" data-element_type=\"section\">\n\t\t\t\t\t\t<div class=\"elementor-container elementor-column-gap-no\">\n\t\t\t\t\t<div class=\"elementor-column elementor-col-33 elementor-inner-column elementor-element elementor-element-82d8fff\" data-id=\"82d8fff\" data-element_type=\"column\" data-settings=\"{&quot;background_background&quot;:&quot;classic&quot;}\">\n\t\t\t<div class=\"elementor-widget-wrap elementor-element-populated\">\n\t\t\t\t\t\t<div class=\"elementor-element elementor-element-3a155d7 elementor-widget elementor-widget-heading\" data-id=\"3a155d7\" data-element_type=\"widget\" data-widget_type=\"heading.default\">\n\t\t\t\t<div class=\"elementor-widget-container\">\n\t\t\t\t\t<h6 class=\"elementor-heading-title elementor-size-default\">BIURO \/ SIEDZIBA:<\/h6>\t\t\t\t<\/div>\n\t\t\t\t<\/div>\n\t\t\t\t<div class=\"elementor-element elementor-element-7c0f2b8 elementor-widget elementor-widget-text-editor\" data-id=\"7c0f2b8\" data-element_type=\"widget\" data-widget_type=\"text-editor.default\">\n\t\t\t\t<div class=\"elementor-widget-container\">\n\t\t\t\t\t\t\t\t\t<p><strong>_<\/strong><\/p><p><strong>PHU <\/strong><span class=\"il\"><strong>HEJANPOL<\/strong><br \/>u<\/span>l. Makowa 8<br \/>68-200 \u017bary<\/p><p><strong>godziny otwarcia:<\/strong><br \/>poniedzia\u0142ek \u2013 pi\u0105tek<br \/>8:00 \u2013 15:00<\/p>\t\t\t\t\t\t\t\t<\/div>\n\t\t\t\t<\/div>\n\t\t\t\t\t<\/div>\n\t\t<\/div>\n\t\t\t\t<div class=\"elementor-column elementor-col-33 elementor-inner-column elementor-element elementor-element-41e8a60\" data-id=\"41e8a60\" data-element_type=\"column\" data-settings=\"{&quot;background_background&quot;:&quot;classic&quot;}\">\n\t\t\t<div class=\"elementor-widget-wrap elementor-element-populated\">\n\t\t\t\t\t\t<div class=\"elementor-element elementor-element-1578b85 elementor-widget elementor-widget-heading\" data-id=\"1578b85\" data-element_type=\"widget\" data-widget_type=\"heading.default\">\n\t\t\t\t<div class=\"elementor-widget-container\">\n\t\t\t\t\t<h6 class=\"elementor-heading-title elementor-size-default\">DANE FIRMY:<\/h6>\t\t\t\t<\/div>\n\t\t\t\t<\/div>\n\t\t\t\t<div class=\"elementor-element elementor-element-c7b0bf2 elementor-widget elementor-widget-text-editor\" data-id=\"c7b0bf2\" data-element_type=\"widget\" data-widget_type=\"text-editor.default\">\n\t\t\t\t<div class=\"elementor-widget-container\">\n\t\t\t\t\t\t\t\t\t<p><strong>_<\/strong><\/p><p><strong>PHU <\/strong><span class=\"il\"><strong>HEJANPOL<\/strong><br \/><\/span>ul. K. Baczy\u0144skiego, nr 28, lok. 4<br \/>68-200 \u017bary<br \/>NIP: <strong>928 170 62 09\u00a0<\/strong><\/p>\t\t\t\t\t\t\t\t<\/div>\n\t\t\t\t<\/div>\n\t\t\t\t\t<\/div>\n\t\t<\/div>\n\t\t\t\t<div class=\"elementor-column elementor-col-33 elementor-inner-column elementor-element elementor-element-65e8116\" data-id=\"65e8116\" data-element_type=\"column\" data-settings=\"{&quot;background_background&quot;:&quot;classic&quot;}\">\n\t\t\t<div class=\"elementor-widget-wrap elementor-element-populated\">\n\t\t\t\t\t\t<div class=\"elementor-element elementor-element-9629966 elementor-widget elementor-widget-heading\" data-id=\"9629966\" data-element_type=\"widget\" data-widget_type=\"heading.default\">\n\t\t\t\t<div class=\"elementor-widget-container\">\n\t\t\t\t\t<h6 class=\"elementor-heading-title elementor-size-default\">DANE KONTATKOWE:<\/h6>\t\t\t\t<\/div>\n\t\t\t\t<\/div>\n\t\t\t\t<div class=\"elementor-element elementor-element-a2c06aa elementor-widget elementor-widget-text-editor\" data-id=\"a2c06aa\" data-element_type=\"widget\" data-widget_type=\"text-editor.default\">\n\t\t\t\t<div class=\"elementor-widget-container\">\n\t\t\t\t\t\t\t\t\t<p><strong>_<\/strong><\/p><p>+48 <strong>600 231 956<\/strong><br \/>+48 734 102 892<br \/>hejanpol@hejanpol.pl<\/p>\t\t\t\t\t\t\t\t<\/div>\n\t\t\t\t<\/div>\n\t\t\t\t\t<\/div>\n\t\t<\/div>\n\t\t\t\t\t<\/div>\n\t\t<\/section>\n\t\t\t\t\t<\/div>\n\t\t<\/div>\n\t\t\t\t\t<\/div>\n\t\t<\/section>\n\t\t\t\t<section class=\"elementor-section elementor-top-section elementor-element elementor-element-4cc204a elementor-section-boxed elementor-section-height-default elementor-section-height-default\" data-id=\"4cc204a\" data-element_type=\"section\">\n\t\t\t\t\t\t<div class=\"elementor-container elementor-column-gap-default\">\n\t\t\t\t\t<div class=\"elementor-column elementor-col-100 elementor-top-column elementor-element elementor-element-0696c3e\" data-id=\"0696c3e\" data-element_type=\"column\">\n\t\t\t<div class=\"elementor-widget-wrap elementor-element-populated\">\n\t\t\t\t\t\t<div class=\"elementor-element elementor-element-141afcb elementor-widget-divider--view-line elementor-widget elementor-widget-divider\" data-id=\"141afcb\" data-element_type=\"widget\" data-widget_type=\"divider.default\">\n\t\t\t\t<div class=\"elementor-widget-container\">\n\t\t\t\t\t\t\t<div class=\"elementor-divider\">\n\t\t\t<span class=\"elementor-divider-separator\">\n\t\t\t\t\t\t<\/span>\n\t\t<\/div>\n\t\t\t\t\t\t<\/div>\n\t\t\t\t<\/div>\n\t\t\t\t\t<\/div>\n\t\t<\/div>\n\t\t\t\t\t<\/div>\n\t\t<\/section>\n\t\t\t\t<section class=\"elementor-section elementor-top-section elementor-element elementor-element-b6da60d elementor-section-content-middle elementor-section-boxed elementor-section-height-default elementor-section-height-default\" data-id=\"b6da60d\" data-element_type=\"section\">\n\t\t\t\t\t\t<div class=\"elementor-container elementor-column-gap-no\">\n\t\t\t\t\t<div class=\"elementor-column elementor-col-100 elementor-top-column elementor-element elementor-element-5c373e5\" data-id=\"5c373e5\" data-element_type=\"column\">\n\t\t\t<div class=\"elementor-widget-wrap elementor-element-populated\">\n\t\t\t\t\t\t<div class=\"elementor-element elementor-element-098aa80 elementor-widget elementor-widget-heading\" data-id=\"098aa80\" data-element_type=\"widget\" data-widget_type=\"heading.default\">\n\t\t\t\t<div class=\"elementor-widget-container\">\n\t\t\t\t\t<h4 class=\"elementor-heading-title elementor-size-default\">Formularz kontatkowy<\/h4>\t\t\t\t<\/div>\n\t\t\t\t<\/div>\n\t\t\t\t<div class=\"elementor-element elementor-element-6ab3507 elementor-button-align-center elementor-mobile-button-align-center elementor-widget elementor-widget-form\" data-id=\"6ab3507\" data-element_type=\"widget\" data-settings=\"{&quot;step_next_label&quot;:&quot;Next&quot;,&quot;step_previous_label&quot;:&quot;Previous&quot;,&quot;button_width&quot;:&quot;100&quot;,&quot;step_type&quot;:&quot;number_text&quot;,&quot;step_icon_shape&quot;:&quot;circle&quot;}\" data-widget_type=\"form.default\">\n\t\t\t\t<div class=\"elementor-widget-container\">\n\t\t\t\t\t\t\t<form class=\"elementor-form\" method=\"post\" name=\"New Form\">\n\t\t\t<input type=\"hidden\" name=\"post_id\" value=\"1701\"\/>\n\t\t\t<input type=\"hidden\" name=\"form_id\" value=\"6ab3507\"\/>\n\t\t\t<input type=\"hidden\" name=\"referer_title\" value=\"Koszenie traw\" \/>\n\n\t\t\t\t\t\t\t<input type=\"hidden\" name=\"queried_id\" value=\"1701\"\/>\n\t\t\t\n\t\t\t<div class=\"elementor-form-fields-wrapper elementor-labels-above\">\n\t\t\t\t\t\t\t\t<div class=\"elementor-field-type-text elementor-field-group elementor-column elementor-field-group-name elementor-col-50\">\n\t\t\t\t\t\t\t\t\t\t\t\t<label for=\"form-field-name\" class=\"elementor-field-label\">\n\t\t\t\t\t\t\t\tImi\u0119 klienta \/ firma:\t\t\t\t\t\t\t<\/label>\n\t\t\t\t\t\t\t\t\t\t\t\t\t\t<input size=\"1\" type=\"text\" name=\"form_fields[name]\" id=\"form-field-name\" class=\"elementor-field elementor-size-sm  elementor-field-textual\" placeholder=\"Prosz\u0119 podaj imi\u0119 lub nazw\u0119 firmy\">\n\t\t\t\t\t\t\t\t\t\t\t<\/div>\n\t\t\t\t\t\t\t\t<div class=\"elementor-field-type-email elementor-field-group elementor-column elementor-field-group-email elementor-col-50 elementor-field-required\">\n\t\t\t\t\t\t\t\t\t\t\t\t<label for=\"form-field-email\" class=\"elementor-field-label\">\n\t\t\t\t\t\t\t\te-mail:\t\t\t\t\t\t\t<\/label>\n\t\t\t\t\t\t\t\t\t\t\t\t\t\t<input size=\"1\" type=\"email\" name=\"form_fields[email]\" id=\"form-field-email\" class=\"elementor-field elementor-size-sm  elementor-field-textual\" placeholder=\"Podaj adres e-mail\" required=\"required\">\n\t\t\t\t\t\t\t\t\t\t\t<\/div>\n\t\t\t\t\t\t\t\t<div class=\"elementor-field-type-upload elementor-field-group elementor-column elementor-field-group-04fbb9f elementor-col-30\">\n\t\t\t\t\t\t\t\t\t\t\t\t<label for=\"form-field-04fbb9f\" class=\"elementor-field-label\">\n\t\t\t\t\t\t\t\tWgraj zdj\u0119cia (max 5 szt.):\t\t\t\t\t\t\t<\/label>\n\t\t\t\t\t\t\t\t<input type=\"file\" name=\"form_fields[04fbb9f][]\" id=\"form-field-04fbb9f\" class=\"elementor-field elementor-size-sm  elementor-upload-field\" multiple=\"multiple\" data-maxsize=\"10\" data-maxsize-message=\"This file exceeds the maximum allowed size.\">\n\n\t\t\t\t\t\t<\/div>\n\t\t\t\t\t\t\t\t<div class=\"elementor-field-type-select elementor-field-group elementor-column elementor-field-group-b9cd3c3 elementor-col-30 elementor-field-required\">\n\t\t\t\t\t\t\t\t\t\t\t\t<label for=\"form-field-b9cd3c3\" class=\"elementor-field-label\">\n\t\t\t\t\t\t\t\twybierz us\u0142ug\u0119:\t\t\t\t\t\t\t<\/label>\n\t\t\t\t\t\t\t\t<div class=\"elementor-field elementor-select-wrapper remove-before \">\n\t\t\t<div class=\"select-caret-down-wrapper\">\n\t\t\t\t<i aria-hidden=\"true\" class=\"eicon-caret-down\"><\/i>\t\t\t<\/div>\n\t\t\t<select name=\"form_fields[b9cd3c3]\" id=\"form-field-b9cd3c3\" class=\"elementor-field-textual elementor-size-sm\" required=\"required\">\n\t\t\t\t\t\t\t\t\t<option value=\"Brukarstwo\">Brukarstwo<\/option>\n\t\t\t\t\t\t\t\t\t<option value=\"Prace ziemne i niwelacja terenu\">Prace ziemne i niwelacja terenu<\/option>\n\t\t\t\t\t\t\t\t\t<option value=\"Us\u0142ugi koparko-\u0142adowark\u0105\">Us\u0142ugi koparko-\u0142adowark\u0105<\/option>\n\t\t\t\t\t\t\t\t\t<option value=\"Utrzymanie dr\u00f3g i autostrad\">Utrzymanie dr\u00f3g i autostrad<\/option>\n\t\t\t\t\t\t\t\t\t<option value=\"Koszenie traw\">Koszenie traw<\/option>\n\t\t\t\t\t\t\t\t\t<option value=\"Od\u015bnie\u017canie terenu\">Od\u015bnie\u017canie terenu<\/option>\n\t\t\t\t\t\t\t\t\t<option value=\"Sprz\u0105tanie terenu\">Sprz\u0105tanie terenu<\/option>\n\t\t\t\t\t\t\t\t\t<option value=\"Inne\">Inne<\/option>\n\t\t\t\t\t\t\t<\/select>\n\t\t<\/div>\n\t\t\t\t\t\t<\/div>\n\t\t\t\t\t\t\t\t<div class=\"elementor-field-type-text elementor-field-group elementor-column elementor-field-group-5fc6f08 elementor-col-40 elementor-field-required\">\n\t\t\t\t\t\t\t\t\t\t\t\t<label for=\"form-field-5fc6f08\" class=\"elementor-field-label\">\n\t\t\t\t\t\t\t\tNr telefonu:\t\t\t\t\t\t\t<\/label>\n\t\t\t\t\t\t\t\t\t\t\t\t\t\t<input size=\"1\" type=\"text\" name=\"form_fields[5fc6f08]\" id=\"form-field-5fc6f08\" class=\"elementor-field elementor-size-sm  elementor-field-textual\" placeholder=\"Prosz\u0119 zostawi\u0107 nr telefonu, za chwil\u0119 zadzwonimy\" required=\"required\">\n\t\t\t\t\t\t\t\t\t\t\t<\/div>\n\t\t\t\t\t\t\t\t<div class=\"elementor-field-type-textarea elementor-field-group elementor-column elementor-field-group-6ed25c0 elementor-col-100 elementor-field-required\">\n\t\t\t\t\t\t\t\t\t\t\t\t<label for=\"form-field-6ed25c0\" class=\"elementor-field-label\">\n\t\t\t\t\t\t\t\ttre\u015b\u0107 wiadomo\u015bci:\t\t\t\t\t\t\t<\/label>\n\t\t\t\t\t\t<textarea class=\"elementor-field-textual elementor-field  elementor-size-sm\" name=\"form_fields[6ed25c0]\" id=\"form-field-6ed25c0\" rows=\"10\" placeholder=\"W czym mo\u017cemy Pa\u0144stwu pom\u00f3c ? Prosz\u0119 o kr\u00f3tki opis, oddzwonimy, zadamy wi\u0119cej pyta\u0144 i um\u00f3wimy si\u0119 na spotaknie.\" required=\"required\"><\/textarea>\t\t\t\t<\/div>\n\t\t\t\t\t\t\t\t<div class=\"elementor-field-group elementor-column elementor-field-type-submit elementor-col-100 e-form__buttons\">\n\t\t\t\t\t<button class=\"elementor-button elementor-size-md\" type=\"submit\">\n\t\t\t\t\t\t<span class=\"elementor-button-content-wrapper\">\n\t\t\t\t\t\t\t\t\t\t\t\t\t\t\t\t\t\t\t\t\t\t<span class=\"elementor-button-text\">Wy\u015blij zapytanie<\/span>\n\t\t\t\t\t\t\t\t\t\t\t\t\t<\/span>\n\t\t\t\t\t<\/button>\n\t\t\t\t<\/div>\n\t\t\t<\/div>\n\t\t<\/form>\n\t\t\t\t\t\t<\/div>\n\t\t\t\t<\/div>\n\t\t\t\t\t<\/div>\n\t\t<\/div>\n\t\t\t\t\t<\/div>\n\t\t<\/section>\n\t\t\t\t<\/div>\n\t\t","protected":false},"excerpt":{"rendered":"<p>Koszenie traw Nasza firma oferuje kompleksowe us\u0142ugi koszenia traw, dostosowane do r\u00f3\u017cnych rodzaj\u00f3w teren\u00f3w, takich jak pobocza dr\u00f3g i autostrad, place, tereny firmowe, parki i przestrzenie publiczne. Dzi\u0119ki nowoczesnemu sprz\u0119towi i do\u015bwiadczonemu zespo\u0142owi zapewniamy dok\u0142adne, szybkie i estetyczne utrzymanie zieleni w optymalnym stanie. Regularna piel\u0119gnacja trawnik\u00f3w oraz teren\u00f3w zielonych wp\u0142ywa na estetyk\u0119 otoczenia, bezpiecze\u0144stwo oraz [&hellip;]<\/p>\n","protected":false},"author":1,"featured_media":0,"parent":0,"menu_order":0,"comment_status":"closed","ping_status":"closed","template":"","meta":{"footnotes":""},"class_list":["post-1701","page","type-page","status-publish","hentry"],"_links":{"self":[{"href":"https:\/\/hejanpol.pl\/index.php\/wp-json\/wp\/v2\/pages\/1701","targetHints":{"allow":["GET"]}}],"collection":[{"href":"https:\/\/hejanpol.pl\/index.php\/wp-json\/wp\/v2\/pages"}],"about":[{"href":"https:\/\/hejanpol.pl\/index.php\/wp-json\/wp\/v2\/types\/page"}],"author":[{"embeddable":true,"href":"https:\/\/hejanpol.pl\/index.php\/wp-json\/wp\/v2\/users\/1"}],"replies":[{"embeddable":true,"href":"https:\/\/hejanpol.pl\/index.php\/wp-json\/wp\/v2\/comments?post=1701"}],"version-history":[{"count":7,"href":"https:\/\/hejanpol.pl\/index.php\/wp-json\/wp\/v2\/pages\/1701\/revisions"}],"predecessor-version":[{"id":2160,"href":"https:\/\/hejanpol.pl\/index.php\/wp-json\/wp\/v2\/pages\/1701\/revisions\/2160"}],"wp:attachment":[{"href":"https:\/\/hejanpol.pl\/index.php\/wp-json\/wp\/v2\/media?parent=1701"}],"curies":[{"name":"wp","href":"https:\/\/api.w.org\/{rel}","templated":true}]}}