{"id":1700,"date":"2025-03-12T21:03:00","date_gmt":"2025-03-12T20:03:00","guid":{"rendered":"https:\/\/hejanpol.pl\/?page_id=1700"},"modified":"2025-03-13T13:03:05","modified_gmt":"2025-03-13T12:03:05","slug":"utrzymanie-drog-i-autostrad","status":"publish","type":"page","link":"https:\/\/hejanpol.pl\/index.php\/utrzymanie-drog-i-autostrad\/","title":{"rendered":"Utrzymanie dr\u00f3g i autostrad"},"content":{"rendered":"\t\t<div data-elementor-type=\"wp-page\" data-elementor-id=\"1700\" class=\"elementor elementor-1700\" data-elementor-post-type=\"page\">\n\t\t\t\t\t\t<section class=\"elementor-section elementor-top-section elementor-element elementor-element-510f6fa elementor-section-content-middle elementor-section-boxed elementor-section-height-default elementor-section-height-default\" data-id=\"510f6fa\" data-element_type=\"section\">\n\t\t\t\t\t\t<div class=\"elementor-container elementor-column-gap-no\">\n\t\t\t\t\t<div class=\"elementor-column elementor-col-100 elementor-top-column elementor-element elementor-element-8ad3156\" data-id=\"8ad3156\" data-element_type=\"column\">\n\t\t\t<div class=\"elementor-widget-wrap elementor-element-populated\">\n\t\t\t\t\t\t<div class=\"elementor-element elementor-element-109e059 elementor-widget elementor-widget-heading\" data-id=\"109e059\" data-element_type=\"widget\" data-widget_type=\"heading.default\">\n\t\t\t\t<div class=\"elementor-widget-container\">\n\t\t\t\t\t<h4 class=\"elementor-heading-title elementor-size-default\">Utrzymanie dr\u00f3g i autostrad<\/h4>\t\t\t\t<\/div>\n\t\t\t\t<\/div>\n\t\t\t\t<div class=\"elementor-element elementor-element-47fb1db elementor-widget elementor-widget-gallery\" data-id=\"47fb1db\" data-element_type=\"widget\" data-settings=\"{&quot;columns&quot;:3,&quot;gap&quot;:{&quot;unit&quot;:&quot;px&quot;,&quot;size&quot;:25,&quot;sizes&quot;:[]},&quot;lazyload&quot;:&quot;yes&quot;,&quot;gallery_layout&quot;:&quot;grid&quot;,&quot;columns_tablet&quot;:2,&quot;columns_mobile&quot;:1,&quot;gap_tablet&quot;:{&quot;unit&quot;:&quot;px&quot;,&quot;size&quot;:10,&quot;sizes&quot;:[]},&quot;gap_mobile&quot;:{&quot;unit&quot;:&quot;px&quot;,&quot;size&quot;:10,&quot;sizes&quot;:[]},&quot;link_to&quot;:&quot;file&quot;,&quot;aspect_ratio&quot;:&quot;3:2&quot;,&quot;overlay_background&quot;:&quot;yes&quot;,&quot;content_hover_animation&quot;:&quot;fade-in&quot;}\" data-widget_type=\"gallery.default\">\n\t\t\t\t<div class=\"elementor-widget-container\">\n\t\t\t\t\t\t\t<div class=\"elementor-gallery__container\">\n\t\t\t\t\t\t\t<a class=\"e-gallery-item elementor-gallery-item elementor-animated-content\" href=\"https:\/\/hejanpol.pl\/wp-content\/uploads\/2025\/03\/009.jpg\" data-elementor-open-lightbox=\"yes\" data-elementor-lightbox-slideshow=\"47fb1db\" data-elementor-lightbox-title=\"HEJANPOL \u2022 Brukarstwo, roboty zieamne, budowa parking\u00f3w, utrzymanie dr\u00f3g i autostrad\" data-elementor-lightbox-description=\"HEJANPOL \u2022 Brukarstwo, roboty zieamne, budowa parking\u00f3w, utrzymanie dr\u00f3g i autostrad\" data-e-action-hash=\"#elementor-action%3Aaction%3Dlightbox%26settings%3DeyJpZCI6MTkwMiwidXJsIjoiaHR0cHM6XC9cL2hlamFucG9sLnBsXC93cC1jb250ZW50XC91cGxvYWRzXC8yMDI1XC8wM1wvMDA5LmpwZyIsInNsaWRlc2hvdyI6IjQ3ZmIxZGIifQ%3D%3D\">\n\t\t\t\t\t<div class=\"e-gallery-image elementor-gallery-item__image\" data-thumbnail=\"https:\/\/hejanpol.pl\/wp-content\/uploads\/2025\/03\/009.jpg\" data-width=\"1440\" data-height=\"900\" aria-label=\"HEJANPOL \u2022 Brukarstwo, roboty zieamne, budowa parking\u00f3w, utrzymanie dr\u00f3g i autostrad\" role=\"img\" ><\/div>\n\t\t\t\t\t\t\t\t\t\t\t<div class=\"elementor-gallery-item__overlay\"><\/div>\n\t\t\t\t\t\t\t\t\t\t\t\t\t\t<\/a>\n\t\t\t\t\t\t\t<a class=\"e-gallery-item elementor-gallery-item elementor-animated-content\" href=\"https:\/\/hejanpol.pl\/wp-content\/uploads\/2025\/03\/015.jpg\" data-elementor-open-lightbox=\"yes\" data-elementor-lightbox-slideshow=\"47fb1db\" data-elementor-lightbox-title=\"HEJANPOL \u2022 Brukarstwo, roboty zieamne, budowa parking\u00f3w, utrzymanie dr\u00f3g i autostrad\" data-elementor-lightbox-description=\"HEJANPOL \u2022 Brukarstwo, roboty zieamne, budowa parking\u00f3w, utrzymanie dr\u00f3g i autostrad\" data-e-action-hash=\"#elementor-action%3Aaction%3Dlightbox%26settings%3DeyJpZCI6MTkwOCwidXJsIjoiaHR0cHM6XC9cL2hlamFucG9sLnBsXC93cC1jb250ZW50XC91cGxvYWRzXC8yMDI1XC8wM1wvMDE1LmpwZyIsInNsaWRlc2hvdyI6IjQ3ZmIxZGIifQ%3D%3D\">\n\t\t\t\t\t<div class=\"e-gallery-image elementor-gallery-item__image\" data-thumbnail=\"https:\/\/hejanpol.pl\/wp-content\/uploads\/2025\/03\/015.jpg\" data-width=\"1440\" data-height=\"900\" aria-label=\"HEJANPOL \u2022 Brukarstwo, roboty zieamne, budowa parking\u00f3w, utrzymanie dr\u00f3g i autostrad\" role=\"img\" ><\/div>\n\t\t\t\t\t\t\t\t\t\t\t<div class=\"elementor-gallery-item__overlay\"><\/div>\n\t\t\t\t\t\t\t\t\t\t\t\t\t\t<\/a>\n\t\t\t\t\t\t\t<a class=\"e-gallery-item elementor-gallery-item elementor-animated-content\" href=\"https:\/\/hejanpol.pl\/wp-content\/uploads\/2025\/03\/014.jpg\" data-elementor-open-lightbox=\"yes\" data-elementor-lightbox-slideshow=\"47fb1db\" data-elementor-lightbox-title=\"HEJANPOL \u2022 Brukarstwo, roboty zieamne, budowa parking\u00f3w, utrzymanie dr\u00f3g i autostrad\" data-elementor-lightbox-description=\"HEJANPOL \u2022 Brukarstwo, roboty zieamne, budowa parking\u00f3w, utrzymanie dr\u00f3g i autostrad\" data-e-action-hash=\"#elementor-action%3Aaction%3Dlightbox%26settings%3DeyJpZCI6MTkwNywidXJsIjoiaHR0cHM6XC9cL2hlamFucG9sLnBsXC93cC1jb250ZW50XC91cGxvYWRzXC8yMDI1XC8wM1wvMDE0LmpwZyIsInNsaWRlc2hvdyI6IjQ3ZmIxZGIifQ%3D%3D\">\n\t\t\t\t\t<div class=\"e-gallery-image elementor-gallery-item__image\" data-thumbnail=\"https:\/\/hejanpol.pl\/wp-content\/uploads\/2025\/03\/014.jpg\" data-width=\"1440\" data-height=\"900\" aria-label=\"HEJANPOL \u2022 Brukarstwo, roboty zieamne, budowa parking\u00f3w, utrzymanie dr\u00f3g i autostrad\" role=\"img\" ><\/div>\n\t\t\t\t\t\t\t\t\t\t\t<div class=\"elementor-gallery-item__overlay\"><\/div>\n\t\t\t\t\t\t\t\t\t\t\t\t\t\t<\/a>\n\t\t\t\t\t<\/div>\n\t\t\t\t\t<\/div>\n\t\t\t\t<\/div>\n\t\t\t\t<div class=\"elementor-element elementor-element-e39f216 elementor-widget elementor-widget-heading\" data-id=\"e39f216\" data-element_type=\"widget\" data-widget_type=\"heading.default\">\n\t\t\t\t<div class=\"elementor-widget-container\">\n\t\t\t\t\t<h5 class=\"elementor-heading-title elementor-size-default\">Nasza firma \u015bwiadczy profesjonalne us\u0142ugi w zakresie utrzymania dr\u00f3g i autostrad, zapewniaj\u0105c ich bezpiecze\u0144stwo, funkcjonalno\u015b\u0107 oraz estetyk\u0119 przez ca\u0142y rok. Dzi\u0119ki nowoczesnemu sprz\u0119towi oraz do\u015bwiadczonemu zespo\u0142owi realizujemy zar\u00f3wno bie\u017c\u0105ce prace konserwacyjne, jak i sezonowe dzia\u0142ania utrzymaniowe, dostosowane do warunk\u00f3w atmosferycznych i potrzeb infrastruktury drogowej.<\/h5>\t\t\t\t<\/div>\n\t\t\t\t<\/div>\n\t\t\t\t\t<\/div>\n\t\t<\/div>\n\t\t\t\t\t<\/div>\n\t\t<\/section>\n\t\t\t\t<section class=\"elementor-section elementor-top-section elementor-element elementor-element-6e3d4a3 elementor-section-boxed elementor-section-height-default elementor-section-height-default\" data-id=\"6e3d4a3\" data-element_type=\"section\">\n\t\t\t\t\t\t<div class=\"elementor-container elementor-column-gap-default\">\n\t\t\t\t\t<div class=\"elementor-column elementor-col-100 elementor-top-column elementor-element elementor-element-efa7ba2\" data-id=\"efa7ba2\" data-element_type=\"column\">\n\t\t\t<div class=\"elementor-widget-wrap elementor-element-populated\">\n\t\t\t\t\t\t<div class=\"elementor-element elementor-element-5fee61b elementor-widget elementor-widget-text-editor\" data-id=\"5fee61b\" data-element_type=\"widget\" data-widget_type=\"text-editor.default\">\n\t\t\t\t<div class=\"elementor-widget-container\">\n\t\t\t\t\t\t\t\t\t<h3 data-start=\"486\" data-end=\"539\"><strong data-start=\"490\" data-end=\"537\">Zakres us\u0142ug w utrzymaniu dr\u00f3g i autostrad:<\/strong><\/h3><p data-start=\"541\" data-end=\"1680\"><strong data-start=\"543\" data-end=\"579\">\u23f9\ufe0e Koszenie poboczy i pas\u00f3w zieleni<\/strong> \u2013 regularne przycinanie trawy i ro\u015blinno\u015bci przydro\u017cnej w celu poprawy widoczno\u015bci oraz estetyki terenu<br data-start=\"683\" data-end=\"686\" \/><strong data-start=\"688\" data-end=\"720\">\u23f9\ufe0e Od\u015bnie\u017canie dr\u00f3g i autostrad<\/strong> \u2013 usuwanie \u015bniegu, likwidacja oblodze\u0144 oraz posypywanie piaskiem i sol\u0105 dla bezpiecze\u0144stwa ruchu drogowego<br data-start=\"827\" data-end=\"830\" \/><strong data-start=\"832\" data-end=\"870\">\u23f9\ufe0e Usuwanie b\u0142ota po\u015bniegowego i lodu<\/strong> \u2013 zabezpieczenie jezdni przed \u015blisko\u015bci\u0105 oraz poprawa przyczepno\u015bci nawierzchni<br data-start=\"950\" data-end=\"953\" \/><strong data-start=\"955\" data-end=\"992\">\u23f9\ufe0e Naprawa i konserwacja nawierzchni<\/strong> \u2013 uzupe\u0142nianie ubytk\u00f3w, remonty cz\u0105stkowe, frezowanie oraz uszczelnianie szczelin asfaltowych<br data-start=\"1086\" data-end=\"1089\" \/><strong data-start=\"1091\" data-end=\"1139\">\u23f9\ufe0e Oczyszczanie jezdni, chodnik\u00f3w i pas\u00f3w ruchu<\/strong> \u2013 usuwanie zanieczyszcze\u0144, b\u0142ota, piasku, odpad\u00f3w oraz innych przeszk\u00f3d wp\u0142ywaj\u0105cych na bezpiecze\u0144stwo<br data-start=\"1242\" data-end=\"1245\" \/><strong data-start=\"1247\" data-end=\"1282\">\u23f9\ufe0e Utrzymanie system\u00f3w odwodnienia<\/strong> \u2013 udra\u017cnianie row\u00f3w, przepust\u00f3w i studzienek deszczowych w celu zapobiegania podtopieniom<br data-start=\"1372\" data-end=\"1375\" \/><strong data-start=\"1377\" data-end=\"1413\">\u23f9\ufe0e Utrzymanie oznakowania drogowego<\/strong> \u2013 monta\u017c, naprawa i czyszczenie znak\u00f3w drogowych oraz malowanie oznakowania poziomego<br data-start=\"1499\" data-end=\"1502\" \/><strong data-start=\"1504\" data-end=\"1553\">\u23f9\ufe0e Usuwanie skutk\u00f3w wypadk\u00f3w i kolizji drogowych<\/strong> \u2013 sprz\u0105tanie i zabezpieczanie miejsc zdarze\u0144, w tym usuwanie rozlanych substancji oraz uszkodzonych element\u00f3w infrastruktury<\/p>\t\t\t\t\t\t\t\t<\/div>\n\t\t\t\t<\/div>\n\t\t\t\t\t<\/div>\n\t\t<\/div>\n\t\t\t\t\t<\/div>\n\t\t<\/section>\n\t\t\t\t<section class=\"elementor-section elementor-top-section elementor-element elementor-element-62fef28 elementor-section-boxed elementor-section-height-default elementor-section-height-default\" data-id=\"62fef28\" data-element_type=\"section\">\n\t\t\t\t\t\t<div class=\"elementor-container elementor-column-gap-default\">\n\t\t\t\t\t<div class=\"elementor-column elementor-col-100 elementor-top-column elementor-element elementor-element-a1a9262\" data-id=\"a1a9262\" data-element_type=\"column\">\n\t\t\t<div class=\"elementor-widget-wrap elementor-element-populated\">\n\t\t\t\t\t\t<div class=\"elementor-element elementor-element-d555222 elementor-widget-divider--view-line elementor-widget elementor-widget-divider\" data-id=\"d555222\" data-element_type=\"widget\" data-widget_type=\"divider.default\">\n\t\t\t\t<div class=\"elementor-widget-container\">\n\t\t\t\t\t\t\t<div class=\"elementor-divider\">\n\t\t\t<span class=\"elementor-divider-separator\">\n\t\t\t\t\t\t<\/span>\n\t\t<\/div>\n\t\t\t\t\t\t<\/div>\n\t\t\t\t<\/div>\n\t\t\t\t\t<\/div>\n\t\t<\/div>\n\t\t\t\t\t<\/div>\n\t\t<\/section>\n\t\t\t\t<section class=\"elementor-section elementor-top-section elementor-element elementor-element-970dda2 elementor-section-full_width elementor-section-height-default elementor-section-height-default\" data-id=\"970dda2\" data-element_type=\"section\">\n\t\t\t\t\t\t<div class=\"elementor-container elementor-column-gap-no\">\n\t\t\t\t\t<div class=\"elementor-column elementor-col-100 elementor-top-column elementor-element elementor-element-dd850e3\" data-id=\"dd850e3\" data-element_type=\"column\">\n\t\t\t<div class=\"elementor-widget-wrap elementor-element-populated\">\n\t\t\t\t\t\t<section class=\"elementor-section elementor-inner-section elementor-element elementor-element-ce0b050 elementor-section-content-middle elementor-section-boxed elementor-section-height-default elementor-section-height-default\" data-id=\"ce0b050\" data-element_type=\"section\">\n\t\t\t\t\t\t<div class=\"elementor-container elementor-column-gap-no\">\n\t\t\t\t\t<div class=\"elementor-column elementor-col-33 elementor-inner-column elementor-element elementor-element-fd8c15d\" data-id=\"fd8c15d\" data-element_type=\"column\" data-settings=\"{&quot;background_background&quot;:&quot;classic&quot;}\">\n\t\t\t<div class=\"elementor-widget-wrap elementor-element-populated\">\n\t\t\t\t\t\t<div class=\"elementor-element elementor-element-7a46e29 elementor-widget elementor-widget-heading\" data-id=\"7a46e29\" data-element_type=\"widget\" data-widget_type=\"heading.default\">\n\t\t\t\t<div class=\"elementor-widget-container\">\n\t\t\t\t\t<h6 class=\"elementor-heading-title elementor-size-default\">BIURO \/ SIEDZIBA:<\/h6>\t\t\t\t<\/div>\n\t\t\t\t<\/div>\n\t\t\t\t<div class=\"elementor-element elementor-element-29c2795 elementor-widget elementor-widget-text-editor\" data-id=\"29c2795\" data-element_type=\"widget\" data-widget_type=\"text-editor.default\">\n\t\t\t\t<div class=\"elementor-widget-container\">\n\t\t\t\t\t\t\t\t\t<p><strong>_<\/strong><\/p><p><strong>PHU <\/strong><span class=\"il\"><strong>HEJANPOL<\/strong><br \/>u<\/span>l. Makowa 8<br \/>68-200 \u017bary<\/p><p><strong>godziny otwarcia:<\/strong><br \/>poniedzia\u0142ek \u2013 pi\u0105tek<br \/>8:00 \u2013 15:00<\/p>\t\t\t\t\t\t\t\t<\/div>\n\t\t\t\t<\/div>\n\t\t\t\t\t<\/div>\n\t\t<\/div>\n\t\t\t\t<div class=\"elementor-column elementor-col-33 elementor-inner-column elementor-element elementor-element-1bff5a9\" data-id=\"1bff5a9\" data-element_type=\"column\" data-settings=\"{&quot;background_background&quot;:&quot;classic&quot;}\">\n\t\t\t<div class=\"elementor-widget-wrap elementor-element-populated\">\n\t\t\t\t\t\t<div class=\"elementor-element elementor-element-de6601d elementor-widget elementor-widget-heading\" data-id=\"de6601d\" data-element_type=\"widget\" data-widget_type=\"heading.default\">\n\t\t\t\t<div class=\"elementor-widget-container\">\n\t\t\t\t\t<h6 class=\"elementor-heading-title elementor-size-default\">DANE FIRMY:<\/h6>\t\t\t\t<\/div>\n\t\t\t\t<\/div>\n\t\t\t\t<div class=\"elementor-element elementor-element-a49086c elementor-widget elementor-widget-text-editor\" data-id=\"a49086c\" data-element_type=\"widget\" data-widget_type=\"text-editor.default\">\n\t\t\t\t<div class=\"elementor-widget-container\">\n\t\t\t\t\t\t\t\t\t<p><strong>_<\/strong><\/p><p><strong>PHU <\/strong><span class=\"il\"><strong>HEJANPOL<\/strong><br \/><\/span>ul. K. Baczy\u0144skiego, nr 28, lok. 4<br \/>68-200 \u017bary<br \/>NIP: <strong>928 170 62 09\u00a0<\/strong><\/p>\t\t\t\t\t\t\t\t<\/div>\n\t\t\t\t<\/div>\n\t\t\t\t\t<\/div>\n\t\t<\/div>\n\t\t\t\t<div class=\"elementor-column elementor-col-33 elementor-inner-column elementor-element elementor-element-178abcd\" data-id=\"178abcd\" data-element_type=\"column\" data-settings=\"{&quot;background_background&quot;:&quot;classic&quot;}\">\n\t\t\t<div class=\"elementor-widget-wrap elementor-element-populated\">\n\t\t\t\t\t\t<div class=\"elementor-element elementor-element-4012a9e elementor-widget elementor-widget-heading\" data-id=\"4012a9e\" data-element_type=\"widget\" data-widget_type=\"heading.default\">\n\t\t\t\t<div class=\"elementor-widget-container\">\n\t\t\t\t\t<h6 class=\"elementor-heading-title elementor-size-default\">DANE KONTATKOWE:<\/h6>\t\t\t\t<\/div>\n\t\t\t\t<\/div>\n\t\t\t\t<div class=\"elementor-element elementor-element-d5ce9f0 elementor-widget elementor-widget-text-editor\" data-id=\"d5ce9f0\" data-element_type=\"widget\" data-widget_type=\"text-editor.default\">\n\t\t\t\t<div class=\"elementor-widget-container\">\n\t\t\t\t\t\t\t\t\t<p><strong>_<\/strong><\/p><p>+48 <strong>600 231 956<\/strong><br \/>+48 734 102 892<br \/>hejanpol@hejanpol.pl<\/p>\t\t\t\t\t\t\t\t<\/div>\n\t\t\t\t<\/div>\n\t\t\t\t\t<\/div>\n\t\t<\/div>\n\t\t\t\t\t<\/div>\n\t\t<\/section>\n\t\t\t\t\t<\/div>\n\t\t<\/div>\n\t\t\t\t\t<\/div>\n\t\t<\/section>\n\t\t\t\t<section class=\"elementor-section elementor-top-section elementor-element elementor-element-00dd44b elementor-section-boxed elementor-section-height-default elementor-section-height-default\" data-id=\"00dd44b\" data-element_type=\"section\">\n\t\t\t\t\t\t<div class=\"elementor-container elementor-column-gap-default\">\n\t\t\t\t\t<div class=\"elementor-column elementor-col-100 elementor-top-column elementor-element elementor-element-7c6f5fe\" data-id=\"7c6f5fe\" data-element_type=\"column\">\n\t\t\t<div class=\"elementor-widget-wrap elementor-element-populated\">\n\t\t\t\t\t\t<div class=\"elementor-element elementor-element-84aba1f elementor-widget-divider--view-line elementor-widget elementor-widget-divider\" data-id=\"84aba1f\" data-element_type=\"widget\" data-widget_type=\"divider.default\">\n\t\t\t\t<div class=\"elementor-widget-container\">\n\t\t\t\t\t\t\t<div class=\"elementor-divider\">\n\t\t\t<span class=\"elementor-divider-separator\">\n\t\t\t\t\t\t<\/span>\n\t\t<\/div>\n\t\t\t\t\t\t<\/div>\n\t\t\t\t<\/div>\n\t\t\t\t\t<\/div>\n\t\t<\/div>\n\t\t\t\t\t<\/div>\n\t\t<\/section>\n\t\t\t\t<section class=\"elementor-section elementor-top-section elementor-element elementor-element-4eaf28a elementor-section-content-middle elementor-section-boxed elementor-section-height-default elementor-section-height-default\" data-id=\"4eaf28a\" data-element_type=\"section\">\n\t\t\t\t\t\t<div class=\"elementor-container elementor-column-gap-no\">\n\t\t\t\t\t<div class=\"elementor-column elementor-col-100 elementor-top-column elementor-element elementor-element-c434261\" data-id=\"c434261\" data-element_type=\"column\">\n\t\t\t<div class=\"elementor-widget-wrap elementor-element-populated\">\n\t\t\t\t\t\t<div class=\"elementor-element elementor-element-ebde50c elementor-widget elementor-widget-heading\" data-id=\"ebde50c\" data-element_type=\"widget\" data-widget_type=\"heading.default\">\n\t\t\t\t<div class=\"elementor-widget-container\">\n\t\t\t\t\t<h4 class=\"elementor-heading-title elementor-size-default\">Formularz kontatkowy<\/h4>\t\t\t\t<\/div>\n\t\t\t\t<\/div>\n\t\t\t\t<div class=\"elementor-element elementor-element-0350ae5 elementor-button-align-center elementor-mobile-button-align-center elementor-widget elementor-widget-form\" data-id=\"0350ae5\" data-element_type=\"widget\" data-settings=\"{&quot;step_next_label&quot;:&quot;Next&quot;,&quot;step_previous_label&quot;:&quot;Previous&quot;,&quot;button_width&quot;:&quot;100&quot;,&quot;step_type&quot;:&quot;number_text&quot;,&quot;step_icon_shape&quot;:&quot;circle&quot;}\" data-widget_type=\"form.default\">\n\t\t\t\t<div class=\"elementor-widget-container\">\n\t\t\t\t\t\t\t<form class=\"elementor-form\" method=\"post\" name=\"New Form\">\n\t\t\t<input type=\"hidden\" name=\"post_id\" value=\"1700\"\/>\n\t\t\t<input type=\"hidden\" name=\"form_id\" value=\"0350ae5\"\/>\n\t\t\t<input type=\"hidden\" name=\"referer_title\" value=\"Utrzymanie dr\u00f3g i autostrad\" \/>\n\n\t\t\t\t\t\t\t<input type=\"hidden\" name=\"queried_id\" value=\"1700\"\/>\n\t\t\t\n\t\t\t<div class=\"elementor-form-fields-wrapper elementor-labels-above\">\n\t\t\t\t\t\t\t\t<div class=\"elementor-field-type-text elementor-field-group elementor-column elementor-field-group-name elementor-col-50\">\n\t\t\t\t\t\t\t\t\t\t\t\t<label for=\"form-field-name\" class=\"elementor-field-label\">\n\t\t\t\t\t\t\t\tImi\u0119 klienta \/ firma:\t\t\t\t\t\t\t<\/label>\n\t\t\t\t\t\t\t\t\t\t\t\t\t\t<input size=\"1\" type=\"text\" name=\"form_fields[name]\" id=\"form-field-name\" class=\"elementor-field elementor-size-sm  elementor-field-textual\" placeholder=\"Prosz\u0119 podaj imi\u0119 lub nazw\u0119 firmy\">\n\t\t\t\t\t\t\t\t\t\t\t<\/div>\n\t\t\t\t\t\t\t\t<div class=\"elementor-field-type-email elementor-field-group elementor-column elementor-field-group-email elementor-col-50 elementor-field-required\">\n\t\t\t\t\t\t\t\t\t\t\t\t<label for=\"form-field-email\" class=\"elementor-field-label\">\n\t\t\t\t\t\t\t\te-mail:\t\t\t\t\t\t\t<\/label>\n\t\t\t\t\t\t\t\t\t\t\t\t\t\t<input size=\"1\" type=\"email\" name=\"form_fields[email]\" id=\"form-field-email\" class=\"elementor-field elementor-size-sm  elementor-field-textual\" placeholder=\"Podaj adres e-mail\" required=\"required\">\n\t\t\t\t\t\t\t\t\t\t\t<\/div>\n\t\t\t\t\t\t\t\t<div class=\"elementor-field-type-upload elementor-field-group elementor-column elementor-field-group-04fbb9f elementor-col-30\">\n\t\t\t\t\t\t\t\t\t\t\t\t<label for=\"form-field-04fbb9f\" class=\"elementor-field-label\">\n\t\t\t\t\t\t\t\tWgraj zdj\u0119cia (max 5 szt.):\t\t\t\t\t\t\t<\/label>\n\t\t\t\t\t\t\t\t<input type=\"file\" name=\"form_fields[04fbb9f][]\" id=\"form-field-04fbb9f\" class=\"elementor-field elementor-size-sm  elementor-upload-field\" multiple=\"multiple\" data-maxsize=\"10\" data-maxsize-message=\"This file exceeds the maximum allowed size.\">\n\n\t\t\t\t\t\t<\/div>\n\t\t\t\t\t\t\t\t<div class=\"elementor-field-type-select elementor-field-group elementor-column elementor-field-group-b9cd3c3 elementor-col-30 elementor-field-required\">\n\t\t\t\t\t\t\t\t\t\t\t\t<label for=\"form-field-b9cd3c3\" class=\"elementor-field-label\">\n\t\t\t\t\t\t\t\twybierz us\u0142ug\u0119:\t\t\t\t\t\t\t<\/label>\n\t\t\t\t\t\t\t\t<div class=\"elementor-field elementor-select-wrapper remove-before \">\n\t\t\t<div class=\"select-caret-down-wrapper\">\n\t\t\t\t<i aria-hidden=\"true\" class=\"eicon-caret-down\"><\/i>\t\t\t<\/div>\n\t\t\t<select name=\"form_fields[b9cd3c3]\" id=\"form-field-b9cd3c3\" class=\"elementor-field-textual elementor-size-sm\" required=\"required\">\n\t\t\t\t\t\t\t\t\t<option value=\"Brukarstwo\">Brukarstwo<\/option>\n\t\t\t\t\t\t\t\t\t<option value=\"Prace ziemne i niwelacja terenu\">Prace ziemne i niwelacja terenu<\/option>\n\t\t\t\t\t\t\t\t\t<option value=\"Us\u0142ugi koparko-\u0142adowark\u0105\">Us\u0142ugi koparko-\u0142adowark\u0105<\/option>\n\t\t\t\t\t\t\t\t\t<option value=\"Utrzymanie dr\u00f3g i autostrad\">Utrzymanie dr\u00f3g i autostrad<\/option>\n\t\t\t\t\t\t\t\t\t<option value=\"Koszenie traw\">Koszenie traw<\/option>\n\t\t\t\t\t\t\t\t\t<option value=\"Od\u015bnie\u017canie terenu\">Od\u015bnie\u017canie terenu<\/option>\n\t\t\t\t\t\t\t\t\t<option value=\"Sprz\u0105tanie terenu\">Sprz\u0105tanie terenu<\/option>\n\t\t\t\t\t\t\t\t\t<option value=\"Inne\">Inne<\/option>\n\t\t\t\t\t\t\t<\/select>\n\t\t<\/div>\n\t\t\t\t\t\t<\/div>\n\t\t\t\t\t\t\t\t<div class=\"elementor-field-type-text elementor-field-group elementor-column elementor-field-group-5fc6f08 elementor-col-40 elementor-field-required\">\n\t\t\t\t\t\t\t\t\t\t\t\t<label for=\"form-field-5fc6f08\" class=\"elementor-field-label\">\n\t\t\t\t\t\t\t\tNr telefonu:\t\t\t\t\t\t\t<\/label>\n\t\t\t\t\t\t\t\t\t\t\t\t\t\t<input size=\"1\" type=\"text\" name=\"form_fields[5fc6f08]\" id=\"form-field-5fc6f08\" class=\"elementor-field elementor-size-sm  elementor-field-textual\" placeholder=\"Prosz\u0119 zostawi\u0107 nr telefonu, za chwil\u0119 zadzwonimy\" required=\"required\">\n\t\t\t\t\t\t\t\t\t\t\t<\/div>\n\t\t\t\t\t\t\t\t<div class=\"elementor-field-type-textarea elementor-field-group elementor-column elementor-field-group-6ed25c0 elementor-col-100 elementor-field-required\">\n\t\t\t\t\t\t\t\t\t\t\t\t<label for=\"form-field-6ed25c0\" class=\"elementor-field-label\">\n\t\t\t\t\t\t\t\ttre\u015b\u0107 wiadomo\u015bci:\t\t\t\t\t\t\t<\/label>\n\t\t\t\t\t\t<textarea class=\"elementor-field-textual elementor-field  elementor-size-sm\" name=\"form_fields[6ed25c0]\" id=\"form-field-6ed25c0\" rows=\"10\" placeholder=\"W czym mo\u017cemy Pa\u0144stwu pom\u00f3c ? Prosz\u0119 o kr\u00f3tki opis, oddzwonimy, zadamy wi\u0119cej pyta\u0144 i um\u00f3wimy si\u0119 na spotaknie.\" required=\"required\"><\/textarea>\t\t\t\t<\/div>\n\t\t\t\t\t\t\t\t<div class=\"elementor-field-group elementor-column elementor-field-type-submit elementor-col-100 e-form__buttons\">\n\t\t\t\t\t<button class=\"elementor-button elementor-size-md\" type=\"submit\">\n\t\t\t\t\t\t<span class=\"elementor-button-content-wrapper\">\n\t\t\t\t\t\t\t\t\t\t\t\t\t\t\t\t\t\t\t\t\t\t<span class=\"elementor-button-text\">Wy\u015blij zapytanie<\/span>\n\t\t\t\t\t\t\t\t\t\t\t\t\t<\/span>\n\t\t\t\t\t<\/button>\n\t\t\t\t<\/div>\n\t\t\t<\/div>\n\t\t<\/form>\n\t\t\t\t\t\t<\/div>\n\t\t\t\t<\/div>\n\t\t\t\t\t<\/div>\n\t\t<\/div>\n\t\t\t\t\t<\/div>\n\t\t<\/section>\n\t\t\t\t<\/div>\n\t\t","protected":false},"excerpt":{"rendered":"<p>Utrzymanie dr\u00f3g i autostrad Nasza firma \u015bwiadczy profesjonalne us\u0142ugi w zakresie utrzymania dr\u00f3g i autostrad, zapewniaj\u0105c ich bezpiecze\u0144stwo, funkcjonalno\u015b\u0107 oraz estetyk\u0119 przez ca\u0142y rok. Dzi\u0119ki nowoczesnemu sprz\u0119towi oraz do\u015bwiadczonemu zespo\u0142owi realizujemy zar\u00f3wno bie\u017c\u0105ce prace konserwacyjne, jak i sezonowe dzia\u0142ania utrzymaniowe, dostosowane do warunk\u00f3w atmosferycznych i potrzeb infrastruktury drogowej. Zakres us\u0142ug w utrzymaniu dr\u00f3g i autostrad: [&hellip;]<\/p>\n","protected":false},"author":1,"featured_media":0,"parent":0,"menu_order":0,"comment_status":"closed","ping_status":"closed","template":"","meta":{"footnotes":""},"class_list":["post-1700","page","type-page","status-publish","hentry"],"_links":{"self":[{"href":"https:\/\/hejanpol.pl\/index.php\/wp-json\/wp\/v2\/pages\/1700","targetHints":{"allow":["GET"]}}],"collection":[{"href":"https:\/\/hejanpol.pl\/index.php\/wp-json\/wp\/v2\/pages"}],"about":[{"href":"https:\/\/hejanpol.pl\/index.php\/wp-json\/wp\/v2\/types\/page"}],"author":[{"embeddable":true,"href":"https:\/\/hejanpol.pl\/index.php\/wp-json\/wp\/v2\/users\/1"}],"replies":[{"embeddable":true,"href":"https:\/\/hejanpol.pl\/index.php\/wp-json\/wp\/v2\/comments?post=1700"}],"version-history":[{"count":10,"href":"https:\/\/hejanpol.pl\/index.php\/wp-json\/wp\/v2\/pages\/1700\/revisions"}],"predecessor-version":[{"id":2154,"href":"https:\/\/hejanpol.pl\/index.php\/wp-json\/wp\/v2\/pages\/1700\/revisions\/2154"}],"wp:attachment":[{"href":"https:\/\/hejanpol.pl\/index.php\/wp-json\/wp\/v2\/media?parent=1700"}],"curies":[{"name":"wp","href":"https:\/\/api.w.org\/{rel}","templated":true}]}}