{"id":1698,"date":"2025-03-12T21:01:23","date_gmt":"2025-03-12T20:01:23","guid":{"rendered":"https:\/\/hejanpol.pl\/?page_id=1698"},"modified":"2025-03-13T12:59:57","modified_gmt":"2025-03-13T11:59:57","slug":"brukarstwo","status":"publish","type":"page","link":"https:\/\/hejanpol.pl\/index.php\/brukarstwo\/","title":{"rendered":"Brukarstwo"},"content":{"rendered":"\t\t<div data-elementor-type=\"wp-page\" data-elementor-id=\"1698\" class=\"elementor elementor-1698\" data-elementor-post-type=\"page\">\n\t\t\t\t\t\t<section class=\"elementor-section elementor-top-section elementor-element elementor-element-af35538 elementor-section-content-middle elementor-section-boxed elementor-section-height-default elementor-section-height-default\" data-id=\"af35538\" data-element_type=\"section\">\n\t\t\t\t\t\t<div class=\"elementor-container elementor-column-gap-no\">\n\t\t\t\t\t<div class=\"elementor-column elementor-col-100 elementor-top-column elementor-element elementor-element-adcf554\" data-id=\"adcf554\" data-element_type=\"column\">\n\t\t\t<div class=\"elementor-widget-wrap elementor-element-populated\">\n\t\t\t\t\t\t<div class=\"elementor-element elementor-element-77345ce elementor-widget elementor-widget-heading\" data-id=\"77345ce\" data-element_type=\"widget\" data-widget_type=\"heading.default\">\n\t\t\t\t<div class=\"elementor-widget-container\">\n\t\t\t\t\t<h4 class=\"elementor-heading-title elementor-size-default\">BRUKARSTWO<\/h4>\t\t\t\t<\/div>\n\t\t\t\t<\/div>\n\t\t\t\t<div class=\"elementor-element elementor-element-e96bbda elementor-widget elementor-widget-gallery\" data-id=\"e96bbda\" data-element_type=\"widget\" data-settings=\"{&quot;columns&quot;:3,&quot;gap&quot;:{&quot;unit&quot;:&quot;px&quot;,&quot;size&quot;:25,&quot;sizes&quot;:[]},&quot;lazyload&quot;:&quot;yes&quot;,&quot;gallery_layout&quot;:&quot;grid&quot;,&quot;columns_tablet&quot;:2,&quot;columns_mobile&quot;:1,&quot;gap_tablet&quot;:{&quot;unit&quot;:&quot;px&quot;,&quot;size&quot;:10,&quot;sizes&quot;:[]},&quot;gap_mobile&quot;:{&quot;unit&quot;:&quot;px&quot;,&quot;size&quot;:10,&quot;sizes&quot;:[]},&quot;link_to&quot;:&quot;file&quot;,&quot;aspect_ratio&quot;:&quot;3:2&quot;,&quot;overlay_background&quot;:&quot;yes&quot;,&quot;content_hover_animation&quot;:&quot;fade-in&quot;}\" data-widget_type=\"gallery.default\">\n\t\t\t\t<div class=\"elementor-widget-container\">\n\t\t\t\t\t\t\t<div class=\"elementor-gallery__container\">\n\t\t\t\t\t\t\t<a class=\"e-gallery-item elementor-gallery-item elementor-animated-content\" href=\"https:\/\/hejanpol.pl\/wp-content\/uploads\/2025\/03\/007.jpg\" data-elementor-open-lightbox=\"yes\" data-elementor-lightbox-slideshow=\"e96bbda\" data-elementor-lightbox-title=\"HEJANPOL \u2022 Brukarstwo, roboty zieamne, budowa parking\u00f3w, utrzymanie dr\u00f3g i autostrad\" data-elementor-lightbox-description=\"HEJANPOL \u2022 Brukarstwo, roboty zieamne, budowa parking\u00f3w, utrzymanie dr\u00f3g i autostrad\" data-e-action-hash=\"#elementor-action%3Aaction%3Dlightbox%26settings%3DeyJpZCI6MTkwMCwidXJsIjoiaHR0cHM6XC9cL2hlamFucG9sLnBsXC93cC1jb250ZW50XC91cGxvYWRzXC8yMDI1XC8wM1wvMDA3LmpwZyIsInNsaWRlc2hvdyI6ImU5NmJiZGEifQ%3D%3D\">\n\t\t\t\t\t<div class=\"e-gallery-image elementor-gallery-item__image\" data-thumbnail=\"https:\/\/hejanpol.pl\/wp-content\/uploads\/2025\/03\/007.jpg\" data-width=\"1440\" data-height=\"900\" aria-label=\"HEJANPOL \u2022 Brukarstwo, roboty zieamne, budowa parking\u00f3w, utrzymanie dr\u00f3g i autostrad\" role=\"img\" ><\/div>\n\t\t\t\t\t\t\t\t\t\t\t<div class=\"elementor-gallery-item__overlay\"><\/div>\n\t\t\t\t\t\t\t\t\t\t\t\t\t\t<\/a>\n\t\t\t\t\t\t\t<a class=\"e-gallery-item elementor-gallery-item elementor-animated-content\" href=\"https:\/\/hejanpol.pl\/wp-content\/uploads\/2025\/03\/022.jpg\" data-elementor-open-lightbox=\"yes\" data-elementor-lightbox-slideshow=\"e96bbda\" data-elementor-lightbox-title=\"HEJANPOL \u2022 Brukarstwo, roboty zieamne, budowa parking\u00f3w, utrzymanie dr\u00f3g i autostrad\" data-elementor-lightbox-description=\"HEJANPOL \u2022 Brukarstwo, roboty zieamne, budowa parking\u00f3w, utrzymanie dr\u00f3g i autostrad\" data-e-action-hash=\"#elementor-action%3Aaction%3Dlightbox%26settings%3DeyJpZCI6MTkxNSwidXJsIjoiaHR0cHM6XC9cL2hlamFucG9sLnBsXC93cC1jb250ZW50XC91cGxvYWRzXC8yMDI1XC8wM1wvMDIyLmpwZyIsInNsaWRlc2hvdyI6ImU5NmJiZGEifQ%3D%3D\">\n\t\t\t\t\t<div class=\"e-gallery-image elementor-gallery-item__image\" data-thumbnail=\"https:\/\/hejanpol.pl\/wp-content\/uploads\/2025\/03\/022.jpg\" data-width=\"1440\" data-height=\"900\" aria-label=\"HEJANPOL \u2022 Brukarstwo, roboty zieamne, budowa parking\u00f3w, utrzymanie dr\u00f3g i autostrad\" role=\"img\" ><\/div>\n\t\t\t\t\t\t\t\t\t\t\t<div class=\"elementor-gallery-item__overlay\"><\/div>\n\t\t\t\t\t\t\t\t\t\t\t\t\t\t<\/a>\n\t\t\t\t\t\t\t<a class=\"e-gallery-item elementor-gallery-item elementor-animated-content\" href=\"https:\/\/hejanpol.pl\/wp-content\/uploads\/2025\/03\/018.jpg\" data-elementor-open-lightbox=\"yes\" data-elementor-lightbox-slideshow=\"e96bbda\" data-elementor-lightbox-title=\"HEJANPOL \u2022 Brukarstwo, roboty zieamne, budowa parking\u00f3w, utrzymanie dr\u00f3g i autostrad\" data-elementor-lightbox-description=\"HEJANPOL \u2022 Brukarstwo, roboty zieamne, budowa parking\u00f3w, utrzymanie dr\u00f3g i autostrad\" data-e-action-hash=\"#elementor-action%3Aaction%3Dlightbox%26settings%3DeyJpZCI6MTkxMSwidXJsIjoiaHR0cHM6XC9cL2hlamFucG9sLnBsXC93cC1jb250ZW50XC91cGxvYWRzXC8yMDI1XC8wM1wvMDE4LmpwZyIsInNsaWRlc2hvdyI6ImU5NmJiZGEifQ%3D%3D\">\n\t\t\t\t\t<div class=\"e-gallery-image elementor-gallery-item__image\" data-thumbnail=\"https:\/\/hejanpol.pl\/wp-content\/uploads\/2025\/03\/018.jpg\" data-width=\"1440\" data-height=\"900\" aria-label=\"HEJANPOL \u2022 Brukarstwo, roboty zieamne, budowa parking\u00f3w, utrzymanie dr\u00f3g i autostrad\" role=\"img\" ><\/div>\n\t\t\t\t\t\t\t\t\t\t\t<div class=\"elementor-gallery-item__overlay\"><\/div>\n\t\t\t\t\t\t\t\t\t\t\t\t\t\t<\/a>\n\t\t\t\t\t<\/div>\n\t\t\t\t\t<\/div>\n\t\t\t\t<\/div>\n\t\t\t\t<div class=\"elementor-element elementor-element-c50b403 elementor-widget elementor-widget-heading\" data-id=\"c50b403\" data-element_type=\"widget\" data-widget_type=\"heading.default\">\n\t\t\t\t<div class=\"elementor-widget-container\">\n\t\t\t\t\t<h5 class=\"elementor-heading-title elementor-size-default\">Nasza firma \u015bwiadczy profesjonalne us\u0142ugi brukarskie, obejmuj\u0105ce <strong data-start=\"125\" data-end=\"209\">projektowanie, przygotowanie pod\u0142o\u017ca i uk\u0142adanie kostki brukowej oraz granitowej<\/strong>. Wsp\u00f3\u0142pracujemy zar\u00f3wno z klientami indywidualnymi, jak i firmami, oferuj\u0105c solidne i estetyczne wykonanie nawierzchni.<\/h5>\t\t\t\t<\/div>\n\t\t\t\t<\/div>\n\t\t\t\t\t<\/div>\n\t\t<\/div>\n\t\t\t\t\t<\/div>\n\t\t<\/section>\n\t\t\t\t<section class=\"elementor-section elementor-top-section elementor-element elementor-element-f0ba3ab elementor-section-boxed elementor-section-height-default elementor-section-height-default\" data-id=\"f0ba3ab\" data-element_type=\"section\">\n\t\t\t\t\t\t<div class=\"elementor-container elementor-column-gap-default\">\n\t\t\t\t\t<div class=\"elementor-column elementor-col-100 elementor-top-column elementor-element elementor-element-b4f26ff\" data-id=\"b4f26ff\" data-element_type=\"column\">\n\t\t\t<div class=\"elementor-widget-wrap elementor-element-populated\">\n\t\t\t\t\t\t<div class=\"elementor-element elementor-element-bb0bd38 elementor-widget elementor-widget-text-editor\" data-id=\"bb0bd38\" data-element_type=\"widget\" data-widget_type=\"text-editor.default\">\n\t\t\t\t<div class=\"elementor-widget-container\">\n\t\t\t\t\t\t\t\t\t<h4 data-start=\"400\" data-end=\"436\"><strong data-start=\"405\" data-end=\"434\">Zakres us\u0142ug brukarskich:<\/strong><\/h4><p data-start=\"437\" data-end=\"1123\"><strong data-start=\"439\" data-end=\"481\">\u23f9\ufe0e Uk\u0142adanie kostki brukowej i granitowej<\/strong> \u2013 chodniki, podjazdy, place, parkingi, drogi wewn\u0119trzne<br data-start=\"537\" data-end=\"540\" \/><strong data-start=\"542\" data-end=\"578\">\u23f9\ufe0e Budowa \u015bcie\u017cek, alejek i taras\u00f3w<\/strong> \u2013 idealne rozwi\u0105zanie dla ogrod\u00f3w, park\u00f3w i teren\u00f3w rekreacyjnych<br data-start=\"644\" data-end=\"647\" \/><strong data-start=\"649\" data-end=\"693\">\u23f9\ufe0e Uk\u0142adanie obrze\u017cy, kraw\u0119\u017cnik\u00f3w i palisad<\/strong> \u2013 wyko\u0144czenie nawierzchni zapewniaj\u0105ce estetyczny i trwa\u0142y efekt<br data-start=\"758\" data-end=\"761\" \/><strong data-start=\"763\" data-end=\"802\">\u23f9\ufe0e Przygotowanie i utwardzenie pod\u0142o\u017ca<\/strong> \u2013 kluczowy etap, kt\u00f3ry zapewnia stabilno\u015b\u0107 i d\u0142ugowieczno\u015b\u0107 nawierzchni<br data-start=\"874\" data-end=\"877\" \/><strong data-start=\"879\" data-end=\"927\">\u23f9\ufe0e Naprawa i renowacja istniej\u0105cych nawierzchni<\/strong> \u2013 od\u015bwie\u017cenie i poprawa wygl\u0105du oraz funkcjonalno\u015bci starych nawierzchni<br data-start=\"1000\" data-end=\"1003\" \/><strong data-start=\"1005\" data-end=\"1036\">\u23f9\ufe0e Drena\u017c i odwodnienie terenu<\/strong> \u2013 skuteczne odprowadzanie wody, zapobieganie podtopieniom i uszkodzeniom nawierzchni<\/p>\t\t\t\t\t\t\t\t<\/div>\n\t\t\t\t<\/div>\n\t\t\t\t\t<\/div>\n\t\t<\/div>\n\t\t\t\t\t<\/div>\n\t\t<\/section>\n\t\t\t\t<section class=\"elementor-section elementor-top-section elementor-element elementor-element-0882869 elementor-section-boxed elementor-section-height-default elementor-section-height-default\" data-id=\"0882869\" data-element_type=\"section\">\n\t\t\t\t\t\t<div class=\"elementor-container elementor-column-gap-default\">\n\t\t\t\t\t<div class=\"elementor-column elementor-col-100 elementor-top-column elementor-element elementor-element-c3bb926\" data-id=\"c3bb926\" data-element_type=\"column\">\n\t\t\t<div class=\"elementor-widget-wrap elementor-element-populated\">\n\t\t\t\t\t\t<div class=\"elementor-element elementor-element-c9f8c80 elementor-widget-divider--view-line elementor-widget elementor-widget-divider\" data-id=\"c9f8c80\" data-element_type=\"widget\" data-widget_type=\"divider.default\">\n\t\t\t\t<div class=\"elementor-widget-container\">\n\t\t\t\t\t\t\t<div class=\"elementor-divider\">\n\t\t\t<span class=\"elementor-divider-separator\">\n\t\t\t\t\t\t<\/span>\n\t\t<\/div>\n\t\t\t\t\t\t<\/div>\n\t\t\t\t<\/div>\n\t\t\t\t\t<\/div>\n\t\t<\/div>\n\t\t\t\t\t<\/div>\n\t\t<\/section>\n\t\t\t\t<section class=\"elementor-section elementor-top-section elementor-element elementor-element-3906e46 elementor-section-full_width elementor-section-height-default elementor-section-height-default\" data-id=\"3906e46\" data-element_type=\"section\">\n\t\t\t\t\t\t<div class=\"elementor-container elementor-column-gap-no\">\n\t\t\t\t\t<div class=\"elementor-column elementor-col-100 elementor-top-column elementor-element elementor-element-dbf0cd9\" data-id=\"dbf0cd9\" data-element_type=\"column\">\n\t\t\t<div class=\"elementor-widget-wrap elementor-element-populated\">\n\t\t\t\t\t\t<section class=\"elementor-section elementor-inner-section elementor-element elementor-element-33bc879 elementor-section-content-middle elementor-section-boxed elementor-section-height-default elementor-section-height-default\" data-id=\"33bc879\" data-element_type=\"section\">\n\t\t\t\t\t\t<div class=\"elementor-container elementor-column-gap-no\">\n\t\t\t\t\t<div class=\"elementor-column elementor-col-33 elementor-inner-column elementor-element elementor-element-2c93a87\" data-id=\"2c93a87\" data-element_type=\"column\" data-settings=\"{&quot;background_background&quot;:&quot;classic&quot;}\">\n\t\t\t<div class=\"elementor-widget-wrap elementor-element-populated\">\n\t\t\t\t\t\t<div class=\"elementor-element elementor-element-0f55582 elementor-widget elementor-widget-heading\" data-id=\"0f55582\" data-element_type=\"widget\" data-widget_type=\"heading.default\">\n\t\t\t\t<div class=\"elementor-widget-container\">\n\t\t\t\t\t<h6 class=\"elementor-heading-title elementor-size-default\">BIURO \/ SIEDZIBA:<\/h6>\t\t\t\t<\/div>\n\t\t\t\t<\/div>\n\t\t\t\t<div class=\"elementor-element elementor-element-4aaa52d elementor-widget elementor-widget-text-editor\" data-id=\"4aaa52d\" data-element_type=\"widget\" data-widget_type=\"text-editor.default\">\n\t\t\t\t<div class=\"elementor-widget-container\">\n\t\t\t\t\t\t\t\t\t<p><strong>_<\/strong><\/p><p><strong>PHU <\/strong><span class=\"il\"><strong>HEJANPOL<\/strong><br \/>u<\/span>l. Makowa 8<br \/>68-200 \u017bary<\/p><p><strong>godziny otwarcia:<\/strong><br \/>poniedzia\u0142ek \u2013 pi\u0105tek<br \/>8:00 \u2013 15:00<\/p>\t\t\t\t\t\t\t\t<\/div>\n\t\t\t\t<\/div>\n\t\t\t\t\t<\/div>\n\t\t<\/div>\n\t\t\t\t<div class=\"elementor-column elementor-col-33 elementor-inner-column elementor-element elementor-element-1e1d2eb\" data-id=\"1e1d2eb\" data-element_type=\"column\" data-settings=\"{&quot;background_background&quot;:&quot;classic&quot;}\">\n\t\t\t<div class=\"elementor-widget-wrap elementor-element-populated\">\n\t\t\t\t\t\t<div class=\"elementor-element elementor-element-637b086 elementor-widget elementor-widget-heading\" data-id=\"637b086\" data-element_type=\"widget\" data-widget_type=\"heading.default\">\n\t\t\t\t<div class=\"elementor-widget-container\">\n\t\t\t\t\t<h6 class=\"elementor-heading-title elementor-size-default\">DANE FIRMY:<\/h6>\t\t\t\t<\/div>\n\t\t\t\t<\/div>\n\t\t\t\t<div class=\"elementor-element elementor-element-ccaebd6 elementor-widget elementor-widget-text-editor\" data-id=\"ccaebd6\" data-element_type=\"widget\" data-widget_type=\"text-editor.default\">\n\t\t\t\t<div class=\"elementor-widget-container\">\n\t\t\t\t\t\t\t\t\t<p><strong>_<\/strong><\/p><p><strong>PHU <\/strong><span class=\"il\"><strong>HEJANPOL<\/strong><br \/><\/span>ul. K. Baczy\u0144skiego, nr 28, lok. 4<br \/>68-200 \u017bary<br \/>NIP: <strong>928 170 62 09\u00a0<\/strong><\/p>\t\t\t\t\t\t\t\t<\/div>\n\t\t\t\t<\/div>\n\t\t\t\t\t<\/div>\n\t\t<\/div>\n\t\t\t\t<div class=\"elementor-column elementor-col-33 elementor-inner-column elementor-element elementor-element-0a387b4\" data-id=\"0a387b4\" data-element_type=\"column\" data-settings=\"{&quot;background_background&quot;:&quot;classic&quot;}\">\n\t\t\t<div class=\"elementor-widget-wrap elementor-element-populated\">\n\t\t\t\t\t\t<div class=\"elementor-element elementor-element-e6971b4 elementor-widget elementor-widget-heading\" data-id=\"e6971b4\" data-element_type=\"widget\" data-widget_type=\"heading.default\">\n\t\t\t\t<div class=\"elementor-widget-container\">\n\t\t\t\t\t<h6 class=\"elementor-heading-title elementor-size-default\">DANE KONTATKOWE:<\/h6>\t\t\t\t<\/div>\n\t\t\t\t<\/div>\n\t\t\t\t<div class=\"elementor-element elementor-element-ba4997c elementor-widget elementor-widget-text-editor\" data-id=\"ba4997c\" data-element_type=\"widget\" data-widget_type=\"text-editor.default\">\n\t\t\t\t<div class=\"elementor-widget-container\">\n\t\t\t\t\t\t\t\t\t<p><strong>_<\/strong><\/p><p>+48 <strong>600 231 956<\/strong><br \/>+48 734 102 892<br \/>hejanpol@hejanpol.pl<\/p>\t\t\t\t\t\t\t\t<\/div>\n\t\t\t\t<\/div>\n\t\t\t\t\t<\/div>\n\t\t<\/div>\n\t\t\t\t\t<\/div>\n\t\t<\/section>\n\t\t\t\t\t<\/div>\n\t\t<\/div>\n\t\t\t\t\t<\/div>\n\t\t<\/section>\n\t\t\t\t<section class=\"elementor-section elementor-top-section elementor-element elementor-element-8ade536 elementor-section-boxed elementor-section-height-default elementor-section-height-default\" data-id=\"8ade536\" data-element_type=\"section\">\n\t\t\t\t\t\t<div class=\"elementor-container elementor-column-gap-default\">\n\t\t\t\t\t<div class=\"elementor-column elementor-col-100 elementor-top-column elementor-element elementor-element-eeed267\" data-id=\"eeed267\" data-element_type=\"column\">\n\t\t\t<div class=\"elementor-widget-wrap elementor-element-populated\">\n\t\t\t\t\t\t<div class=\"elementor-element elementor-element-e403b30 elementor-widget-divider--view-line elementor-widget elementor-widget-divider\" data-id=\"e403b30\" data-element_type=\"widget\" data-widget_type=\"divider.default\">\n\t\t\t\t<div class=\"elementor-widget-container\">\n\t\t\t\t\t\t\t<div class=\"elementor-divider\">\n\t\t\t<span class=\"elementor-divider-separator\">\n\t\t\t\t\t\t<\/span>\n\t\t<\/div>\n\t\t\t\t\t\t<\/div>\n\t\t\t\t<\/div>\n\t\t\t\t\t<\/div>\n\t\t<\/div>\n\t\t\t\t\t<\/div>\n\t\t<\/section>\n\t\t\t\t<section class=\"elementor-section elementor-top-section elementor-element elementor-element-d1bd4cf elementor-section-content-middle elementor-section-boxed elementor-section-height-default elementor-section-height-default\" data-id=\"d1bd4cf\" data-element_type=\"section\">\n\t\t\t\t\t\t<div class=\"elementor-container elementor-column-gap-no\">\n\t\t\t\t\t<div class=\"elementor-column elementor-col-100 elementor-top-column elementor-element elementor-element-36d87f0\" data-id=\"36d87f0\" data-element_type=\"column\">\n\t\t\t<div class=\"elementor-widget-wrap elementor-element-populated\">\n\t\t\t\t\t\t<div class=\"elementor-element elementor-element-98ae64f elementor-widget elementor-widget-heading\" data-id=\"98ae64f\" data-element_type=\"widget\" data-widget_type=\"heading.default\">\n\t\t\t\t<div class=\"elementor-widget-container\">\n\t\t\t\t\t<h4 class=\"elementor-heading-title elementor-size-default\">Formularz kontatkowy<\/h4>\t\t\t\t<\/div>\n\t\t\t\t<\/div>\n\t\t\t\t<div class=\"elementor-element elementor-element-a2f8b81 elementor-button-align-center elementor-mobile-button-align-center elementor-widget elementor-widget-form\" data-id=\"a2f8b81\" data-element_type=\"widget\" data-settings=\"{&quot;step_next_label&quot;:&quot;Next&quot;,&quot;step_previous_label&quot;:&quot;Previous&quot;,&quot;button_width&quot;:&quot;100&quot;,&quot;step_type&quot;:&quot;number_text&quot;,&quot;step_icon_shape&quot;:&quot;circle&quot;}\" data-widget_type=\"form.default\">\n\t\t\t\t<div class=\"elementor-widget-container\">\n\t\t\t\t\t\t\t<form class=\"elementor-form\" method=\"post\" name=\"New Form\">\n\t\t\t<input type=\"hidden\" name=\"post_id\" value=\"1698\"\/>\n\t\t\t<input type=\"hidden\" name=\"form_id\" value=\"a2f8b81\"\/>\n\t\t\t<input type=\"hidden\" name=\"referer_title\" value=\"Brukarstwo\" \/>\n\n\t\t\t\t\t\t\t<input type=\"hidden\" name=\"queried_id\" value=\"1698\"\/>\n\t\t\t\n\t\t\t<div class=\"elementor-form-fields-wrapper elementor-labels-above\">\n\t\t\t\t\t\t\t\t<div class=\"elementor-field-type-text elementor-field-group elementor-column elementor-field-group-name elementor-col-50\">\n\t\t\t\t\t\t\t\t\t\t\t\t<label for=\"form-field-name\" class=\"elementor-field-label\">\n\t\t\t\t\t\t\t\tImi\u0119 klienta \/ firma:\t\t\t\t\t\t\t<\/label>\n\t\t\t\t\t\t\t\t\t\t\t\t\t\t<input size=\"1\" type=\"text\" name=\"form_fields[name]\" id=\"form-field-name\" class=\"elementor-field elementor-size-sm  elementor-field-textual\" placeholder=\"Prosz\u0119 podaj imi\u0119 lub nazw\u0119 firmy\">\n\t\t\t\t\t\t\t\t\t\t\t<\/div>\n\t\t\t\t\t\t\t\t<div class=\"elementor-field-type-email elementor-field-group elementor-column elementor-field-group-email elementor-col-50 elementor-field-required\">\n\t\t\t\t\t\t\t\t\t\t\t\t<label for=\"form-field-email\" class=\"elementor-field-label\">\n\t\t\t\t\t\t\t\te-mail:\t\t\t\t\t\t\t<\/label>\n\t\t\t\t\t\t\t\t\t\t\t\t\t\t<input size=\"1\" type=\"email\" name=\"form_fields[email]\" id=\"form-field-email\" class=\"elementor-field elementor-size-sm  elementor-field-textual\" placeholder=\"Podaj adres e-mail\" required=\"required\">\n\t\t\t\t\t\t\t\t\t\t\t<\/div>\n\t\t\t\t\t\t\t\t<div class=\"elementor-field-type-upload elementor-field-group elementor-column elementor-field-group-04fbb9f elementor-col-30\">\n\t\t\t\t\t\t\t\t\t\t\t\t<label for=\"form-field-04fbb9f\" class=\"elementor-field-label\">\n\t\t\t\t\t\t\t\tWgraj zdj\u0119cia (max 5 szt.):\t\t\t\t\t\t\t<\/label>\n\t\t\t\t\t\t\t\t<input type=\"file\" name=\"form_fields[04fbb9f][]\" id=\"form-field-04fbb9f\" class=\"elementor-field elementor-size-sm  elementor-upload-field\" multiple=\"multiple\" data-maxsize=\"10\" data-maxsize-message=\"This file exceeds the maximum allowed size.\">\n\n\t\t\t\t\t\t<\/div>\n\t\t\t\t\t\t\t\t<div class=\"elementor-field-type-select elementor-field-group elementor-column elementor-field-group-b9cd3c3 elementor-col-30 elementor-field-required\">\n\t\t\t\t\t\t\t\t\t\t\t\t<label for=\"form-field-b9cd3c3\" class=\"elementor-field-label\">\n\t\t\t\t\t\t\t\twybierz us\u0142ug\u0119:\t\t\t\t\t\t\t<\/label>\n\t\t\t\t\t\t\t\t<div class=\"elementor-field elementor-select-wrapper remove-before \">\n\t\t\t<div class=\"select-caret-down-wrapper\">\n\t\t\t\t<i aria-hidden=\"true\" class=\"eicon-caret-down\"><\/i>\t\t\t<\/div>\n\t\t\t<select name=\"form_fields[b9cd3c3]\" id=\"form-field-b9cd3c3\" class=\"elementor-field-textual elementor-size-sm\" required=\"required\">\n\t\t\t\t\t\t\t\t\t<option value=\"Brukarstwo\">Brukarstwo<\/option>\n\t\t\t\t\t\t\t\t\t<option value=\"Prace ziemne i niwelacja terenu\">Prace ziemne i niwelacja terenu<\/option>\n\t\t\t\t\t\t\t\t\t<option value=\"Us\u0142ugi koparko-\u0142adowark\u0105\">Us\u0142ugi koparko-\u0142adowark\u0105<\/option>\n\t\t\t\t\t\t\t\t\t<option value=\"Utrzymanie dr\u00f3g i autostrad\">Utrzymanie dr\u00f3g i autostrad<\/option>\n\t\t\t\t\t\t\t\t\t<option value=\"Koszenie traw\">Koszenie traw<\/option>\n\t\t\t\t\t\t\t\t\t<option value=\"Od\u015bnie\u017canie terenu\">Od\u015bnie\u017canie terenu<\/option>\n\t\t\t\t\t\t\t\t\t<option value=\"Sprz\u0105tanie terenu\">Sprz\u0105tanie terenu<\/option>\n\t\t\t\t\t\t\t\t\t<option value=\"Inne\">Inne<\/option>\n\t\t\t\t\t\t\t<\/select>\n\t\t<\/div>\n\t\t\t\t\t\t<\/div>\n\t\t\t\t\t\t\t\t<div class=\"elementor-field-type-text elementor-field-group elementor-column elementor-field-group-5fc6f08 elementor-col-40 elementor-field-required\">\n\t\t\t\t\t\t\t\t\t\t\t\t<label for=\"form-field-5fc6f08\" class=\"elementor-field-label\">\n\t\t\t\t\t\t\t\tNr telefonu:\t\t\t\t\t\t\t<\/label>\n\t\t\t\t\t\t\t\t\t\t\t\t\t\t<input size=\"1\" type=\"text\" name=\"form_fields[5fc6f08]\" id=\"form-field-5fc6f08\" class=\"elementor-field elementor-size-sm  elementor-field-textual\" placeholder=\"Prosz\u0119 zostawi\u0107 nr telefonu, za chwil\u0119 zadzwonimy\" required=\"required\">\n\t\t\t\t\t\t\t\t\t\t\t<\/div>\n\t\t\t\t\t\t\t\t<div class=\"elementor-field-type-textarea elementor-field-group elementor-column elementor-field-group-6ed25c0 elementor-col-100 elementor-field-required\">\n\t\t\t\t\t\t\t\t\t\t\t\t<label for=\"form-field-6ed25c0\" class=\"elementor-field-label\">\n\t\t\t\t\t\t\t\ttre\u015b\u0107 wiadomo\u015bci:\t\t\t\t\t\t\t<\/label>\n\t\t\t\t\t\t<textarea class=\"elementor-field-textual elementor-field  elementor-size-sm\" name=\"form_fields[6ed25c0]\" id=\"form-field-6ed25c0\" rows=\"10\" placeholder=\"W czym mo\u017cemy Pa\u0144stwu pom\u00f3c ? Prosz\u0119 o kr\u00f3tki opis, oddzwonimy, zadamy wi\u0119cej pyta\u0144 i um\u00f3wimy si\u0119 na spotaknie.\" required=\"required\"><\/textarea>\t\t\t\t<\/div>\n\t\t\t\t\t\t\t\t<div class=\"elementor-field-group elementor-column elementor-field-type-submit elementor-col-100 e-form__buttons\">\n\t\t\t\t\t<button class=\"elementor-button elementor-size-md\" type=\"submit\">\n\t\t\t\t\t\t<span class=\"elementor-button-content-wrapper\">\n\t\t\t\t\t\t\t\t\t\t\t\t\t\t\t\t\t\t\t\t\t\t<span class=\"elementor-button-text\">Wy\u015blij zapytanie<\/span>\n\t\t\t\t\t\t\t\t\t\t\t\t\t<\/span>\n\t\t\t\t\t<\/button>\n\t\t\t\t<\/div>\n\t\t\t<\/div>\n\t\t<\/form>\n\t\t\t\t\t\t<\/div>\n\t\t\t\t<\/div>\n\t\t\t\t\t<\/div>\n\t\t<\/div>\n\t\t\t\t\t<\/div>\n\t\t<\/section>\n\t\t\t\t<\/div>\n\t\t","protected":false},"excerpt":{"rendered":"<p>BRUKARSTWO Nasza firma \u015bwiadczy profesjonalne us\u0142ugi brukarskie, obejmuj\u0105ce projektowanie, przygotowanie pod\u0142o\u017ca i uk\u0142adanie kostki brukowej oraz granitowej. Wsp\u00f3\u0142pracujemy zar\u00f3wno z klientami indywidualnymi, jak i firmami, oferuj\u0105c solidne i estetyczne wykonanie nawierzchni. Zakres us\u0142ug brukarskich: \u23f9\ufe0e Uk\u0142adanie kostki brukowej i granitowej \u2013 chodniki, podjazdy, place, parkingi, drogi wewn\u0119trzne\u23f9\ufe0e Budowa \u015bcie\u017cek, alejek i taras\u00f3w \u2013 idealne rozwi\u0105zanie [&hellip;]<\/p>\n","protected":false},"author":1,"featured_media":0,"parent":0,"menu_order":0,"comment_status":"closed","ping_status":"closed","template":"","meta":{"footnotes":""},"class_list":["post-1698","page","type-page","status-publish","hentry"],"_links":{"self":[{"href":"https:\/\/hejanpol.pl\/index.php\/wp-json\/wp\/v2\/pages\/1698","targetHints":{"allow":["GET"]}}],"collection":[{"href":"https:\/\/hejanpol.pl\/index.php\/wp-json\/wp\/v2\/pages"}],"about":[{"href":"https:\/\/hejanpol.pl\/index.php\/wp-json\/wp\/v2\/types\/page"}],"author":[{"embeddable":true,"href":"https:\/\/hejanpol.pl\/index.php\/wp-json\/wp\/v2\/users\/1"}],"replies":[{"embeddable":true,"href":"https:\/\/hejanpol.pl\/index.php\/wp-json\/wp\/v2\/comments?post=1698"}],"version-history":[{"count":19,"href":"https:\/\/hejanpol.pl\/index.php\/wp-json\/wp\/v2\/pages\/1698\/revisions"}],"predecessor-version":[{"id":2145,"href":"https:\/\/hejanpol.pl\/index.php\/wp-json\/wp\/v2\/pages\/1698\/revisions\/2145"}],"wp:attachment":[{"href":"https:\/\/hejanpol.pl\/index.php\/wp-json\/wp\/v2\/media?parent=1698"}],"curies":[{"name":"wp","href":"https:\/\/api.w.org\/{rel}","templated":true}]}}