{"id":1680,"date":"2025-03-12T20:57:14","date_gmt":"2025-03-12T19:57:14","guid":{"rendered":"https:\/\/hejanpol.pl\/?page_id=1680"},"modified":"2025-03-13T10:28:58","modified_gmt":"2025-03-13T09:28:58","slug":"zaufali-nam","status":"publish","type":"page","link":"https:\/\/hejanpol.pl\/index.php\/zaufali-nam\/","title":{"rendered":"Zaufali nam"},"content":{"rendered":"\t\t<div data-elementor-type=\"wp-page\" data-elementor-id=\"1680\" class=\"elementor elementor-1680\" data-elementor-post-type=\"page\">\n\t\t\t\t\t\t<section class=\"elementor-section elementor-top-section elementor-element elementor-element-6446e802 elementor-section-content-middle elementor-section-boxed elementor-section-height-default elementor-section-height-default\" data-id=\"6446e802\" data-element_type=\"section\">\n\t\t\t\t\t\t<div class=\"elementor-container elementor-column-gap-no\">\n\t\t\t\t\t<div class=\"elementor-column elementor-col-50 elementor-top-column elementor-element elementor-element-55c97bd\" data-id=\"55c97bd\" data-element_type=\"column\">\n\t\t\t<div class=\"elementor-widget-wrap elementor-element-populated\">\n\t\t\t\t\t\t<div class=\"elementor-element elementor-element-8107253 elementor-widget elementor-widget-heading\" data-id=\"8107253\" data-element_type=\"widget\" data-widget_type=\"heading.default\">\n\t\t\t\t<div class=\"elementor-widget-container\">\n\t\t\t\t\t<h4 class=\"elementor-heading-title elementor-size-default\">Zaufali Nam<\/h4>\t\t\t\t<\/div>\n\t\t\t\t<\/div>\n\t\t\t\t<div class=\"elementor-element elementor-element-49c46c1e elementor-widget elementor-widget-heading\" data-id=\"49c46c1e\" data-element_type=\"widget\" data-widget_type=\"heading.default\">\n\t\t\t\t<div class=\"elementor-widget-container\">\n\t\t\t\t\t<h5 class=\"elementor-heading-title elementor-size-default\">Mamy na swoim koncie grono zadowolonych klient\u00f3w.\nBrakuje nam tylko Ciebie.\n<\/h5>\t\t\t\t<\/div>\n\t\t\t\t<\/div>\n\t\t\t\t\t<\/div>\n\t\t<\/div>\n\t\t\t\t<div class=\"elementor-column elementor-col-50 elementor-top-column elementor-element elementor-element-2c27f6c8\" data-id=\"2c27f6c8\" data-element_type=\"column\">\n\t\t\t<div class=\"elementor-widget-wrap elementor-element-populated\">\n\t\t\t\t\t\t<div class=\"elementor-element elementor-element-463bb74e elementor-pagination-position-inside elementor-skin-carousel elementor-pagination-type-bullets elementor-widget elementor-widget-media-carousel\" data-id=\"463bb74e\" data-element_type=\"widget\" data-settings=\"{&quot;slides_per_view&quot;:&quot;4&quot;,&quot;space_between&quot;:{&quot;unit&quot;:&quot;px&quot;,&quot;size&quot;:0,&quot;sizes&quot;:[]},&quot;speed&quot;:700,&quot;autoplay_speed&quot;:700,&quot;skin&quot;:&quot;carousel&quot;,&quot;effect&quot;:&quot;slide&quot;,&quot;pagination&quot;:&quot;bullets&quot;,&quot;autoplay&quot;:&quot;yes&quot;,&quot;loop&quot;:&quot;yes&quot;,&quot;pause_on_hover&quot;:&quot;yes&quot;,&quot;pause_on_interaction&quot;:&quot;yes&quot;,&quot;space_between_tablet&quot;:{&quot;unit&quot;:&quot;px&quot;,&quot;size&quot;:10,&quot;sizes&quot;:[]},&quot;space_between_mobile&quot;:{&quot;unit&quot;:&quot;px&quot;,&quot;size&quot;:10,&quot;sizes&quot;:[]}}\" data-widget_type=\"media-carousel.default\">\n\t\t\t\t<div class=\"elementor-widget-container\">\n\t\t\t\t\t\t\t\t\t<div class=\"elementor-swiper\">\n\t\t\t\t\t<div class=\"elementor-main-swiper swiper\" role=\"region\" aria-roledescription=\"carousel\" aria-label=\"Klient\">\n\t\t\t\t<div class=\"swiper-wrapper\">\n\t\t\t\t\t\t\t\t\t\t\t<div class=\"swiper-slide\" role=\"group\" aria-roledescription=\"slide\">\n\t\t\t\t\t\t\t\t\t<div class=\"elementor-carousel-image\" role=\"img\" aria-label=\"HEJANPOL \u2022 Brukarstwo, roboty ziemne, budowa parking\u00f3w, utrzymanie dr\u00f3g i autostrad\" style=\"background-image: url(&#039;https:\/\/hejanpol.pl\/wp-content\/uploads\/2025\/03\/ptimd_jawor.jpg&#039;)\">\n\n\t\t\t\n\t\t\t\t\t<\/div>\n\t\t\t\t\t\t\t\t<\/div>\n\t\t\t\t\t\t\t\t\t\t\t<div class=\"swiper-slide\" role=\"group\" aria-roledescription=\"slide\">\n\t\t\t\t\t\t\t\t\t<div class=\"elementor-carousel-image\" role=\"img\" aria-label=\"HEJANPOL \u2022 Brukarstwo, roboty ziemne, budowa parking\u00f3w, utrzymanie dr\u00f3g i autostrad\" style=\"background-image: url(&#039;https:\/\/hejanpol.pl\/wp-content\/uploads\/2025\/03\/magnaplast.jpg&#039;)\">\n\n\t\t\t\n\t\t\t\t\t<\/div>\n\t\t\t\t\t\t\t\t<\/div>\n\t\t\t\t\t\t\t\t\t\t\t<div class=\"swiper-slide\" role=\"group\" aria-roledescription=\"slide\">\n\t\t\t\t\t\t\t\t\t<div class=\"elementor-carousel-image\" role=\"img\" aria-label=\"HEJANPOL \u2022 Brukarstwo, roboty ziemne, budowa parking\u00f3w, utrzymanie dr\u00f3g i autostrad\" style=\"background-image: url(&#039;https:\/\/hejanpol.pl\/wp-content\/uploads\/2025\/03\/kreator.jpg&#039;)\">\n\n\t\t\t\n\t\t\t\t\t<\/div>\n\t\t\t\t\t\t\t\t<\/div>\n\t\t\t\t\t\t\t\t\t\t\t<div class=\"swiper-slide\" role=\"group\" aria-roledescription=\"slide\">\n\t\t\t\t\t\t\t\t\t<div class=\"elementor-carousel-image\" role=\"img\" aria-label=\"HEJANPOL \u2022 Brukarstwo, roboty ziemne, budowa parking\u00f3w, utrzymanie dr\u00f3g i autostrad\" style=\"background-image: url(&#039;https:\/\/hejanpol.pl\/wp-content\/uploads\/2025\/03\/JASIEN.jpg&#039;)\">\n\n\t\t\t\n\t\t\t\t\t<\/div>\n\t\t\t\t\t\t\t\t<\/div>\n\t\t\t\t\t\t\t\t\t\t\t<div class=\"swiper-slide\" role=\"group\" aria-roledescription=\"slide\">\n\t\t\t\t\t\t\t\t\t<div class=\"elementor-carousel-image\" role=\"img\" aria-label=\"HEJANPOL \u2022 Brukarstwo, roboty ziemne, budowa parking\u00f3w, utrzymanie dr\u00f3g i autostrad\" style=\"background-image: url(&#039;https:\/\/hejanpol.pl\/wp-content\/uploads\/2025\/03\/ilowa.jpg&#039;)\">\n\n\t\t\t\n\t\t\t\t\t<\/div>\n\t\t\t\t\t\t\t\t<\/div>\n\t\t\t\t\t\t\t\t\t\t\t<div class=\"swiper-slide\" role=\"group\" aria-roledescription=\"slide\">\n\t\t\t\t\t\t\t\t\t<div class=\"elementor-carousel-image\" role=\"img\" aria-label=\"HEJANPOL \u2022 Brukarstwo, roboty ziemne, budowa parking\u00f3w, utrzymanie dr\u00f3g i autostrad\" style=\"background-image: url(&#039;https:\/\/hejanpol.pl\/wp-content\/uploads\/2025\/03\/grodzisk.jpg&#039;)\">\n\n\t\t\t\n\t\t\t\t\t<\/div>\n\t\t\t\t\t\t\t\t<\/div>\n\t\t\t\t\t\t\t\t\t\t\t<div class=\"swiper-slide\" role=\"group\" aria-roledescription=\"slide\">\n\t\t\t\t\t\t\t\t\t<div class=\"elementor-carousel-image\" role=\"img\" aria-label=\"HEJANPOL \u2022 Brukarstwo, roboty ziemne, budowa parking\u00f3w, utrzymanie dr\u00f3g i autostrad\" style=\"background-image: url(&#039;https:\/\/hejanpol.pl\/wp-content\/uploads\/2025\/03\/eltel.jpg&#039;)\">\n\n\t\t\t\n\t\t\t\t\t<\/div>\n\t\t\t\t\t\t\t\t<\/div>\n\t\t\t\t\t\t\t\t\t<\/div>\n\t\t\t\t\t\t\t\t\t\t\t\t\t\t\t\t\t\t\t\t<div class=\"swiper-pagination\"><\/div>\n\t\t\t\t\t\t\t\t\t\t\t\t<\/div>\n\t\t\t\t<\/div>\n\t\t\t\t\t\t\t\t<\/div>\n\t\t\t\t<\/div>\n\t\t\t\t\t<\/div>\n\t\t<\/div>\n\t\t\t\t\t<\/div>\n\t\t<\/section>\n\t\t\t\t<section class=\"elementor-section elementor-top-section elementor-element elementor-element-dd448d8 elementor-section-boxed elementor-section-height-default elementor-section-height-default\" data-id=\"dd448d8\" data-element_type=\"section\" data-settings=\"{&quot;background_background&quot;:&quot;classic&quot;}\">\n\t\t\t\t\t\t<div class=\"elementor-container elementor-column-gap-default\">\n\t\t\t\t\t<div class=\"elementor-column elementor-col-100 elementor-top-column elementor-element elementor-element-9e37311\" data-id=\"9e37311\" data-element_type=\"column\">\n\t\t\t<div class=\"elementor-widget-wrap elementor-element-populated\">\n\t\t\t\t\t\t<div class=\"elementor-element elementor-element-4fc3a35 elementor-widget elementor-widget-heading\" data-id=\"4fc3a35\" data-element_type=\"widget\" data-widget_type=\"heading.default\">\n\t\t\t\t<div class=\"elementor-widget-container\">\n\t\t\t\t\t<h4 class=\"elementor-heading-title elementor-size-default\">Referencje<\/h4>\t\t\t\t<\/div>\n\t\t\t\t<\/div>\n\t\t\t\t<div class=\"elementor-element elementor-element-6b87687 elementor-widget elementor-widget-heading\" data-id=\"6b87687\" data-element_type=\"widget\" data-widget_type=\"heading.default\">\n\t\t\t\t<div class=\"elementor-widget-container\">\n\t\t\t\t\t<h5 class=\"elementor-heading-title elementor-size-default\">Jeste\u015bmy dumni, \u017ce mogli\u015bmy wsp\u00f3\u0142pracowa\u0107 z wieloma zaufanymi partnerami i klientami, kt\u00f3rzy ceni\u0105 jako\u015b\u0107, profesjonalizm i innowacyjne podej\u015bcie. Nasze do\u015bwiadczenie budowane przez lata pozwoli\u0142o nam dostarczy\u0107 skuteczne rozwi\u0105zania i nawi\u0105za\u0107 d\u0142ugoterminowe relacje biznesowe.\n\nDzi\u0119kujemy za zaufanie!<\/h5>\t\t\t\t<\/div>\n\t\t\t\t<\/div>\n\t\t\t\t<div class=\"elementor-element elementor-element-1131224 gallery-spacing-custom elementor-widget elementor-widget-image-gallery\" data-id=\"1131224\" data-element_type=\"widget\" data-widget_type=\"image-gallery.default\">\n\t\t\t\t<div class=\"elementor-widget-container\">\n\t\t\t\t\t\t\t<div class=\"elementor-image-gallery\">\n\t\t\t<div id='gallery-1' class='gallery galleryid-1680 gallery-columns-4 gallery-size-full'><figure class='gallery-item'>\n\t\t\t<div class='gallery-icon portrait'>\n\t\t\t\t<a data-elementor-open-lightbox=\"yes\" data-elementor-lightbox-slideshow=\"1131224\" data-elementor-lightbox-title=\"HEJANPOL \u2022 Brukarstwo, roboty ziemne, budowa parking\u00f3w, utrzymanie dr\u00f3g i autostrad\" data-elementor-lightbox-description=\"HEJANPOL \u2022 Brukarstwo, roboty ziemne, budowa parking\u00f3w, utrzymanie dr\u00f3g i autostrad\" data-e-action-hash=\"#elementor-action%3Aaction%3Dlightbox%26settings%3DeyJpZCI6MTg3NywidXJsIjoiaHR0cHM6XC9cL2hlamFucG9sLnBsXC93cC1jb250ZW50XC91cGxvYWRzXC8yMDI1XC8wM1wvMDMuanBnIiwic2xpZGVzaG93IjoiMTEzMTIyNCJ9\" href='https:\/\/hejanpol.pl\/wp-content\/uploads\/2025\/03\/03.jpg'><img fetchpriority=\"high\" decoding=\"async\" width=\"620\" height=\"877\" src=\"https:\/\/hejanpol.pl\/wp-content\/uploads\/2025\/03\/03.jpg\" class=\"attachment-full size-full\" alt=\"HEJANPOL \u2022 Brukarstwo, roboty ziemne, budowa parking\u00f3w, utrzymanie dr\u00f3g i autostrad\" aria-describedby=\"gallery-1-1877\" \/><\/a>\n\t\t\t<\/div>\n\t\t\t\t<figcaption class='wp-caption-text gallery-caption' id='gallery-1-1877'>\n\t\t\t\tHEJANPOL \u2022 Brukarstwo, roboty ziemne, budowa parking\u00f3w, utrzymanie dr\u00f3g i autostrad\n\t\t\t\t<\/figcaption><\/figure><figure class='gallery-item'>\n\t\t\t<div class='gallery-icon portrait'>\n\t\t\t\t<a data-elementor-open-lightbox=\"yes\" data-elementor-lightbox-slideshow=\"1131224\" data-elementor-lightbox-title=\"HEJANPOL \u2022 Brukarstwo, roboty zieamne, budowa parking\u00f3w, utrzymanie dr\u00f3g i autostrad\" data-elementor-lightbox-description=\"HEJANPOL \u2022 Brukarstwo, roboty zieamne, budowa parking\u00f3w, utrzymanie dr\u00f3g i autostrad\" data-e-action-hash=\"#elementor-action%3Aaction%3Dlightbox%26settings%3DeyJpZCI6MTg4MSwidXJsIjoiaHR0cHM6XC9cL2hlamFucG9sLnBsXC93cC1jb250ZW50XC91cGxvYWRzXC8yMDI1XC8wM1wvMDcuanBnIiwic2xpZGVzaG93IjoiMTEzMTIyNCJ9\" href='https:\/\/hejanpol.pl\/wp-content\/uploads\/2025\/03\/07.jpg'><img decoding=\"async\" width=\"620\" height=\"877\" src=\"https:\/\/hejanpol.pl\/wp-content\/uploads\/2025\/03\/07.jpg\" class=\"attachment-full size-full\" alt=\"HEJANPOL \u2022 Brukarstwo, roboty zieamne, budowa parking\u00f3w, utrzymanie dr\u00f3g i autostrad\" aria-describedby=\"gallery-1-1881\" \/><\/a>\n\t\t\t<\/div>\n\t\t\t\t<figcaption class='wp-caption-text gallery-caption' id='gallery-1-1881'>\n\t\t\t\tHEJANPOL \u2022 Brukarstwo, roboty zieamne, budowa parking\u00f3w, utrzymanie dr\u00f3g i autostrad\n\t\t\t\t<\/figcaption><\/figure><figure class='gallery-item'>\n\t\t\t<div class='gallery-icon portrait'>\n\t\t\t\t<a data-elementor-open-lightbox=\"yes\" data-elementor-lightbox-slideshow=\"1131224\" data-elementor-lightbox-title=\"HEJANPOL \u2022 Brukarstwo, roboty zieamne, budowa parking\u00f3w, utrzymanie dr\u00f3g i autostrad\" data-elementor-lightbox-description=\"HEJANPOL \u2022 Brukarstwo, roboty zieamne, budowa parking\u00f3w, utrzymanie dr\u00f3g i autostrad\" data-e-action-hash=\"#elementor-action%3Aaction%3Dlightbox%26settings%3DeyJpZCI6MTg3OSwidXJsIjoiaHR0cHM6XC9cL2hlamFucG9sLnBsXC93cC1jb250ZW50XC91cGxvYWRzXC8yMDI1XC8wM1wvMDUuanBnIiwic2xpZGVzaG93IjoiMTEzMTIyNCJ9\" href='https:\/\/hejanpol.pl\/wp-content\/uploads\/2025\/03\/05.jpg'><img decoding=\"async\" width=\"620\" height=\"877\" src=\"https:\/\/hejanpol.pl\/wp-content\/uploads\/2025\/03\/05.jpg\" class=\"attachment-full size-full\" alt=\"HEJANPOL \u2022 Brukarstwo, roboty zieamne, budowa parking\u00f3w, utrzymanie dr\u00f3g i autostrad\" aria-describedby=\"gallery-1-1879\" \/><\/a>\n\t\t\t<\/div>\n\t\t\t\t<figcaption class='wp-caption-text gallery-caption' id='gallery-1-1879'>\n\t\t\t\tHEJANPOL \u2022 Brukarstwo, roboty zieamne, budowa parking\u00f3w, utrzymanie dr\u00f3g i autostrad\n\t\t\t\t<\/figcaption><\/figure><figure class='gallery-item'>\n\t\t\t<div class='gallery-icon portrait'>\n\t\t\t\t<a data-elementor-open-lightbox=\"yes\" data-elementor-lightbox-slideshow=\"1131224\" data-elementor-lightbox-title=\"HEJANPOL \u2022 Brukarstwo, roboty ziemne, budowa parking\u00f3w, utrzymanie dr\u00f3g i autostrad\" data-elementor-lightbox-description=\"HEJANPOL \u2022 Brukarstwo, roboty ziemne, budowa parking\u00f3w, utrzymanie dr\u00f3g i autostrad\" data-e-action-hash=\"#elementor-action%3Aaction%3Dlightbox%26settings%3DeyJpZCI6MTg3NSwidXJsIjoiaHR0cHM6XC9cL2hlamFucG9sLnBsXC93cC1jb250ZW50XC91cGxvYWRzXC8yMDI1XC8wM1wvMDEuanBnIiwic2xpZGVzaG93IjoiMTEzMTIyNCJ9\" href='https:\/\/hejanpol.pl\/wp-content\/uploads\/2025\/03\/01.jpg'><img loading=\"lazy\" decoding=\"async\" width=\"744\" height=\"1052\" src=\"https:\/\/hejanpol.pl\/wp-content\/uploads\/2025\/03\/01.jpg\" class=\"attachment-full size-full\" alt=\"HEJANPOL \u2022 Brukarstwo, roboty ziemne, budowa parking\u00f3w, utrzymanie dr\u00f3g i autostrad\" aria-describedby=\"gallery-1-1875\" \/><\/a>\n\t\t\t<\/div>\n\t\t\t\t<figcaption class='wp-caption-text gallery-caption' id='gallery-1-1875'>\n\t\t\t\tHEJANPOL \u2022 Brukarstwo, roboty ziemne, budowa parking\u00f3w, utrzymanie dr\u00f3g i autostrad\n\t\t\t\t<\/figcaption><\/figure><figure class='gallery-item'>\n\t\t\t<div class='gallery-icon portrait'>\n\t\t\t\t<a data-elementor-open-lightbox=\"yes\" data-elementor-lightbox-slideshow=\"1131224\" data-elementor-lightbox-title=\"HEJANPOL \u2022 Brukarstwo, roboty ziemne, budowa parking\u00f3w, utrzymanie dr\u00f3g i autostrad\" data-elementor-lightbox-description=\"HEJANPOL \u2022 Brukarstwo, roboty ziemne, budowa parking\u00f3w, utrzymanie dr\u00f3g i autostrad\" data-e-action-hash=\"#elementor-action%3Aaction%3Dlightbox%26settings%3DeyJpZCI6MTg3NiwidXJsIjoiaHR0cHM6XC9cL2hlamFucG9sLnBsXC93cC1jb250ZW50XC91cGxvYWRzXC8yMDI1XC8wM1wvMDIuanBnIiwic2xpZGVzaG93IjoiMTEzMTIyNCJ9\" href='https:\/\/hejanpol.pl\/wp-content\/uploads\/2025\/03\/02.jpg'><img loading=\"lazy\" decoding=\"async\" width=\"620\" height=\"877\" src=\"https:\/\/hejanpol.pl\/wp-content\/uploads\/2025\/03\/02.jpg\" class=\"attachment-full size-full\" alt=\"HEJANPOL \u2022 Brukarstwo, roboty ziemne, budowa parking\u00f3w, utrzymanie dr\u00f3g i autostrad\" aria-describedby=\"gallery-1-1876\" \/><\/a>\n\t\t\t<\/div>\n\t\t\t\t<figcaption class='wp-caption-text gallery-caption' id='gallery-1-1876'>\n\t\t\t\tHEJANPOL \u2022 Brukarstwo, roboty ziemne, budowa parking\u00f3w, utrzymanie dr\u00f3g i autostrad\n\t\t\t\t<\/figcaption><\/figure><figure class='gallery-item'>\n\t\t\t<div class='gallery-icon portrait'>\n\t\t\t\t<a data-elementor-open-lightbox=\"yes\" data-elementor-lightbox-slideshow=\"1131224\" data-elementor-lightbox-title=\"HEJANPOL \u2022 Brukarstwo, roboty zieamne, budowa parking\u00f3w, utrzymanie dr\u00f3g i autostrad\" data-elementor-lightbox-description=\"HEJANPOL \u2022 Brukarstwo, roboty zieamne, budowa parking\u00f3w, utrzymanie dr\u00f3g i autostrad\" data-e-action-hash=\"#elementor-action%3Aaction%3Dlightbox%26settings%3DeyJpZCI6MTg4MCwidXJsIjoiaHR0cHM6XC9cL2hlamFucG9sLnBsXC93cC1jb250ZW50XC91cGxvYWRzXC8yMDI1XC8wM1wvMDYuanBnIiwic2xpZGVzaG93IjoiMTEzMTIyNCJ9\" href='https:\/\/hejanpol.pl\/wp-content\/uploads\/2025\/03\/06.jpg'><img loading=\"lazy\" decoding=\"async\" width=\"620\" height=\"877\" src=\"https:\/\/hejanpol.pl\/wp-content\/uploads\/2025\/03\/06.jpg\" class=\"attachment-full size-full\" alt=\"HEJANPOL \u2022 Brukarstwo, roboty zieamne, budowa parking\u00f3w, utrzymanie dr\u00f3g i autostrad\" aria-describedby=\"gallery-1-1880\" \/><\/a>\n\t\t\t<\/div>\n\t\t\t\t<figcaption class='wp-caption-text gallery-caption' id='gallery-1-1880'>\n\t\t\t\tHEJANPOL \u2022 Brukarstwo, roboty zieamne, budowa parking\u00f3w, utrzymanie dr\u00f3g i autostrad\n\t\t\t\t<\/figcaption><\/figure><figure class='gallery-item'>\n\t\t\t<div class='gallery-icon portrait'>\n\t\t\t\t<a data-elementor-open-lightbox=\"yes\" data-elementor-lightbox-slideshow=\"1131224\" data-elementor-lightbox-title=\"HEJANPOL \u2022 Brukarstwo, roboty zieamne, budowa parking\u00f3w, utrzymanie dr\u00f3g i autostrad\" data-elementor-lightbox-description=\"HEJANPOL \u2022 Brukarstwo, roboty zieamne, budowa parking\u00f3w, utrzymanie dr\u00f3g i autostrad\" data-e-action-hash=\"#elementor-action%3Aaction%3Dlightbox%26settings%3DeyJpZCI6MTg3OCwidXJsIjoiaHR0cHM6XC9cL2hlamFucG9sLnBsXC93cC1jb250ZW50XC91cGxvYWRzXC8yMDI1XC8wM1wvMDQuanBnIiwic2xpZGVzaG93IjoiMTEzMTIyNCJ9\" href='https:\/\/hejanpol.pl\/wp-content\/uploads\/2025\/03\/04.jpg'><img loading=\"lazy\" decoding=\"async\" width=\"620\" height=\"877\" src=\"https:\/\/hejanpol.pl\/wp-content\/uploads\/2025\/03\/04.jpg\" class=\"attachment-full size-full\" alt=\"HEJANPOL \u2022 Brukarstwo, roboty zieamne, budowa parking\u00f3w, utrzymanie dr\u00f3g i autostrad\" aria-describedby=\"gallery-1-1878\" \/><\/a>\n\t\t\t<\/div>\n\t\t\t\t<figcaption class='wp-caption-text gallery-caption' id='gallery-1-1878'>\n\t\t\t\tHEJANPOL \u2022 Brukarstwo, roboty zieamne, budowa parking\u00f3w, utrzymanie dr\u00f3g i autostrad\n\t\t\t\t<\/figcaption><\/figure><figure class='gallery-item'>\n\t\t\t<div class='gallery-icon portrait'>\n\t\t\t\t<a data-elementor-open-lightbox=\"yes\" data-elementor-lightbox-slideshow=\"1131224\" data-elementor-lightbox-title=\"HEJANPOL \u2022 Brukarstwo, roboty zieamne, budowa parking\u00f3w, utrzymanie dr\u00f3g i autostrad\" data-elementor-lightbox-description=\"HEJANPOL \u2022 Brukarstwo, roboty zieamne, budowa parking\u00f3w, utrzymanie dr\u00f3g i autostrad\" data-e-action-hash=\"#elementor-action%3Aaction%3Dlightbox%26settings%3DeyJpZCI6MTg4MiwidXJsIjoiaHR0cHM6XC9cL2hlamFucG9sLnBsXC93cC1jb250ZW50XC91cGxvYWRzXC8yMDI1XC8wM1wvMDguanBnIiwic2xpZGVzaG93IjoiMTEzMTIyNCJ9\" href='https:\/\/hejanpol.pl\/wp-content\/uploads\/2025\/03\/08.jpg'><img loading=\"lazy\" decoding=\"async\" width=\"620\" height=\"877\" src=\"https:\/\/hejanpol.pl\/wp-content\/uploads\/2025\/03\/08.jpg\" class=\"attachment-full size-full\" alt=\"HEJANPOL \u2022 Brukarstwo, roboty zieamne, budowa parking\u00f3w, utrzymanie dr\u00f3g i autostrad\" aria-describedby=\"gallery-1-1882\" \/><\/a>\n\t\t\t<\/div>\n\t\t\t\t<figcaption class='wp-caption-text gallery-caption' id='gallery-1-1882'>\n\t\t\t\tHEJANPOL \u2022 Brukarstwo, roboty zieamne, budowa parking\u00f3w, utrzymanie dr\u00f3g i autostrad\n\t\t\t\t<\/figcaption><\/figure>\n\t\t<\/div>\n\t\t<\/div>\n\t\t\t\t\t\t<\/div>\n\t\t\t\t<\/div>\n\t\t\t\t\t<\/div>\n\t\t<\/div>\n\t\t\t\t\t<\/div>\n\t\t<\/section>\n\t\t\t\t<section class=\"elementor-section elementor-top-section elementor-element elementor-element-5b32ec5 elementor-section-content-middle elementor-section-boxed elementor-section-height-default elementor-section-height-default\" data-id=\"5b32ec5\" data-element_type=\"section\">\n\t\t\t\t\t\t<div class=\"elementor-container elementor-column-gap-no\">\n\t\t\t\t\t<div class=\"elementor-column elementor-col-50 elementor-top-column elementor-element elementor-element-8a191d5\" data-id=\"8a191d5\" data-element_type=\"column\">\n\t\t\t<div class=\"elementor-widget-wrap elementor-element-populated\">\n\t\t\t\t\t\t<div class=\"elementor-element elementor-element-ac4958f elementor-widget elementor-widget-heading\" data-id=\"ac4958f\" data-element_type=\"widget\" data-widget_type=\"heading.default\">\n\t\t\t\t<div class=\"elementor-widget-container\">\n\t\t\t\t\t<h4 class=\"elementor-heading-title elementor-size-default\">Nasi partnerzy<\/h4>\t\t\t\t<\/div>\n\t\t\t\t<\/div>\n\t\t\t\t<div class=\"elementor-element elementor-element-2ffece1 elementor-widget elementor-widget-heading\" data-id=\"2ffece1\" data-element_type=\"widget\" data-widget_type=\"heading.default\">\n\t\t\t\t<div class=\"elementor-widget-container\">\n\t\t\t\t\t<h5 class=\"elementor-heading-title elementor-size-default\">Trwa\u0142o\u015b\u0107, estetyka wykonanej inwestycji jest dla nas priorytetem, dlatego te\u017c do realizacji prac wykorzystujemy materia\u0142y najwy\u017cszej jako\u015bci wiod\u0105cych producent\u00f3w.               Lata bardzo dobrej wsp\u00f3\u0142pracy pozwoli\u0142y nam na wypracowanie korzystnej ceny dla naszych obecnych i przysz\u0142ych Klient\u00f3w. <\/h5>\t\t\t\t<\/div>\n\t\t\t\t<\/div>\n\t\t\t\t\t<\/div>\n\t\t<\/div>\n\t\t\t\t<div class=\"elementor-column elementor-col-50 elementor-top-column elementor-element elementor-element-35c1596\" data-id=\"35c1596\" data-element_type=\"column\">\n\t\t\t<div class=\"elementor-widget-wrap elementor-element-populated\">\n\t\t\t\t\t\t<div class=\"elementor-element elementor-element-68c17ce elementor-skin-carousel elementor-widget elementor-widget-media-carousel\" data-id=\"68c17ce\" data-element_type=\"widget\" data-settings=\"{&quot;slides_per_view&quot;:&quot;4&quot;,&quot;space_between&quot;:{&quot;unit&quot;:&quot;px&quot;,&quot;size&quot;:0,&quot;sizes&quot;:[]},&quot;speed&quot;:700,&quot;autoplay_speed&quot;:700,&quot;skin&quot;:&quot;carousel&quot;,&quot;effect&quot;:&quot;slide&quot;,&quot;autoplay&quot;:&quot;yes&quot;,&quot;loop&quot;:&quot;yes&quot;,&quot;pause_on_hover&quot;:&quot;yes&quot;,&quot;pause_on_interaction&quot;:&quot;yes&quot;,&quot;space_between_tablet&quot;:{&quot;unit&quot;:&quot;px&quot;,&quot;size&quot;:10,&quot;sizes&quot;:[]},&quot;space_between_mobile&quot;:{&quot;unit&quot;:&quot;px&quot;,&quot;size&quot;:10,&quot;sizes&quot;:[]}}\" data-widget_type=\"media-carousel.default\">\n\t\t\t\t<div class=\"elementor-widget-container\">\n\t\t\t\t\t\t\t\t\t<div class=\"elementor-swiper\">\n\t\t\t\t\t<div class=\"elementor-main-swiper swiper\" role=\"region\" aria-roledescription=\"carousel\" aria-label=\"Klient\">\n\t\t\t\t<div class=\"swiper-wrapper\">\n\t\t\t\t\t\t\t\t\t\t\t<div class=\"swiper-slide\" role=\"group\" aria-roledescription=\"slide\">\n\t\t\t\t\t\t\t\t\t<div class=\"elementor-carousel-image\" role=\"img\" aria-label=\"HEJANPOL \u2022 Brukarstwo, roboty ziemne, budowa parking\u00f3w, utrzymanie dr\u00f3g i autostrad\" style=\"background-image: url(&#039;https:\/\/hejanpol.pl\/wp-content\/uploads\/2025\/03\/ziel-bruk.jpg&#039;)\">\n\n\t\t\t\n\t\t\t\t\t<\/div>\n\t\t\t\t\t\t\t\t<\/div>\n\t\t\t\t\t\t\t\t\t\t\t<div class=\"swiper-slide\" role=\"group\" aria-roledescription=\"slide\">\n\t\t\t\t\t\t\t\t\t<div class=\"elementor-carousel-image\" role=\"img\" aria-label=\"HEJANPOL \u2022 Brukarstwo, roboty ziemne, budowa parking\u00f3w, utrzymanie dr\u00f3g i autostrad\" style=\"background-image: url(&#039;https:\/\/hejanpol.pl\/wp-content\/uploads\/2025\/03\/holcim.jpg&#039;)\">\n\n\t\t\t\n\t\t\t\t\t<\/div>\n\t\t\t\t\t\t\t\t<\/div>\n\t\t\t\t\t\t\t\t\t\t\t<div class=\"swiper-slide\" role=\"group\" aria-roledescription=\"slide\">\n\t\t\t\t\t\t\t\t\t<div class=\"elementor-carousel-image\" role=\"img\" aria-label=\"HEJANPOL \u2022 Brukarstwo, roboty ziemne, budowa parking\u00f3w, utrzymanie dr\u00f3g i autostrad\" style=\"background-image: url(&#039;https:\/\/hejanpol.pl\/wp-content\/uploads\/2025\/03\/bt.jpg&#039;)\">\n\n\t\t\t\n\t\t\t\t\t<\/div>\n\t\t\t\t\t\t\t\t<\/div>\n\t\t\t\t\t\t\t\t\t<\/div>\n\t\t\t\t\t\t\t\t\t\t\t\t\t\t\t\t\t\t\t\t\t<\/div>\n\t\t\t\t<\/div>\n\t\t\t\t\t\t\t\t<\/div>\n\t\t\t\t<\/div>\n\t\t\t\t\t<\/div>\n\t\t<\/div>\n\t\t\t\t\t<\/div>\n\t\t<\/section>\n\t\t\t\t<\/div>\n\t\t","protected":false},"excerpt":{"rendered":"<p>Zaufali Nam Mamy na swoim koncie grono zadowolonych klient\u00f3w. Brakuje nam tylko Ciebie. Referencje Jeste\u015bmy dumni, \u017ce mogli\u015bmy wsp\u00f3\u0142pracowa\u0107 z wieloma zaufanymi partnerami i klientami, kt\u00f3rzy ceni\u0105 jako\u015b\u0107, profesjonalizm i innowacyjne podej\u015bcie. Nasze do\u015bwiadczenie budowane przez lata pozwoli\u0142o nam dostarczy\u0107 skuteczne rozwi\u0105zania i nawi\u0105za\u0107 d\u0142ugoterminowe relacje biznesowe. Dzi\u0119kujemy za zaufanie! HEJANPOL \u2022 Brukarstwo, roboty ziemne, [&hellip;]<\/p>\n","protected":false},"author":1,"featured_media":0,"parent":0,"menu_order":0,"comment_status":"closed","ping_status":"closed","template":"","meta":{"footnotes":""},"class_list":["post-1680","page","type-page","status-publish","hentry"],"_links":{"self":[{"href":"https:\/\/hejanpol.pl\/index.php\/wp-json\/wp\/v2\/pages\/1680","targetHints":{"allow":["GET"]}}],"collection":[{"href":"https:\/\/hejanpol.pl\/index.php\/wp-json\/wp\/v2\/pages"}],"about":[{"href":"https:\/\/hejanpol.pl\/index.php\/wp-json\/wp\/v2\/types\/page"}],"author":[{"embeddable":true,"href":"https:\/\/hejanpol.pl\/index.php\/wp-json\/wp\/v2\/users\/1"}],"replies":[{"embeddable":true,"href":"https:\/\/hejanpol.pl\/index.php\/wp-json\/wp\/v2\/comments?post=1680"}],"version-history":[{"count":47,"href":"https:\/\/hejanpol.pl\/index.php\/wp-json\/wp\/v2\/pages\/1680\/revisions"}],"predecessor-version":[{"id":1948,"href":"https:\/\/hejanpol.pl\/index.php\/wp-json\/wp\/v2\/pages\/1680\/revisions\/1948"}],"wp:attachment":[{"href":"https:\/\/hejanpol.pl\/index.php\/wp-json\/wp\/v2\/media?parent=1680"}],"curies":[{"name":"wp","href":"https:\/\/api.w.org\/{rel}","templated":true}]}}