{"id":1678,"date":"2025-03-12T20:56:45","date_gmt":"2025-03-12T19:56:45","guid":{"rendered":"https:\/\/hejanpol.pl\/?page_id=1678"},"modified":"2025-03-13T11:38:47","modified_gmt":"2025-03-13T10:38:47","slug":"o-firmie","status":"publish","type":"page","link":"https:\/\/hejanpol.pl\/index.php\/o-firmie\/","title":{"rendered":"O firmie"},"content":{"rendered":"\t\t<div data-elementor-type=\"wp-page\" data-elementor-id=\"1678\" class=\"elementor elementor-1678\" data-elementor-post-type=\"page\">\n\t\t\t\t\t\t<section class=\"elementor-section elementor-top-section elementor-element elementor-element-270c5f9f elementor-section-content-middle elementor-section-boxed elementor-section-height-default elementor-section-height-default\" data-id=\"270c5f9f\" data-element_type=\"section\">\n\t\t\t\t\t\t<div class=\"elementor-container elementor-column-gap-no\">\n\t\t\t\t\t<div class=\"elementor-column elementor-col-100 elementor-top-column elementor-element elementor-element-70481773\" data-id=\"70481773\" data-element_type=\"column\">\n\t\t\t<div class=\"elementor-widget-wrap elementor-element-populated\">\n\t\t\t\t\t\t<div class=\"elementor-element elementor-element-714ee43 elementor-widget elementor-widget-heading\" data-id=\"714ee43\" data-element_type=\"widget\" data-widget_type=\"heading.default\">\n\t\t\t\t<div class=\"elementor-widget-container\">\n\t\t\t\t\t<h4 class=\"elementor-heading-title elementor-size-default\">O firmie<\/h4>\t\t\t\t<\/div>\n\t\t\t\t<\/div>\n\t\t\t\t<div class=\"elementor-element elementor-element-4dfe021 elementor-widget elementor-widget-heading\" data-id=\"4dfe021\" data-element_type=\"widget\" data-widget_type=\"heading.default\">\n\t\t\t\t<div class=\"elementor-widget-container\">\n\t\t\t\t\t<h5 class=\"elementor-heading-title elementor-size-default\">Od samego pocz\u0105tku naszej dzia\u0142alno\u015bci, a mia\u0142o to miejsce w <b>2007 <\/b>roku, specjalizujemy si\u0119 w <b>budownictwie drogowym<\/b>. <b>Brukarstwo<\/b>, <b>wykopy<\/b>, <b>roboty ziemne<\/b>, <b>budowa plac\u00f3w<\/b>, <b>parking\u00f3w<\/b>, <b>chodnik\u00f3w <\/b>jest naszym g\u0142\u00f3wnym profilem dzia\u0142alno\u015bci. Zajmujemy si\u0119 r\u00f3wnie\u017c <b>koszeniem traw i chwast\u00f3w przy drogach ekspresowych i autostradach<\/b>. W okresie zimowym <b>od\u015bnie\u017camy tereny<\/b> utwardzone market\u00f3w, zak\u0142ad\u00f3w pracy, stacji benzynowych oraz chodniki. Na pierwszym miejscu stawiamy zadowolenie naszych Klient\u00f3w oferuj\u0105c Im nasz\u0105 wiedz\u0119, doradztwo i konkurencyjno\u015b\u0107. Powierzone inwestycje realizujemy sprawnie, solidnie i terminowo.<br><br>Dysponujemy wykwalifikowan\u0105 kadr\u0105 w dziedzinie prac brukarskich jak r\u00f3wnie\u017c posiadamy wysokiej klasy sprz\u0119t niezb\u0119dny do realizacji projekt\u00f3w. Doradzamy przy planowaniu inwestycji, doborze odpowiedniego materia\u0142u, zapewniamy transport i roz\u0142adunek. Kierownik budowy czuwa nad sprawn\u0105 realizacj\u0105 prac, a na wszystkie wykonane us\u0142ugi udzielamy gwarancji. Zaufa\u0142o nam wielu inwestor\u00f3w i generalnych wykonawc\u00f3w. Nasza polityka Firmy ukierunkowana jest na Klienta i pracownika. \n<\/h5>\t\t\t\t<\/div>\n\t\t\t\t<\/div>\n\t\t\t\t\t<\/div>\n\t\t<\/div>\n\t\t\t\t\t<\/div>\n\t\t<\/section>\n\t\t\t\t<section class=\"elementor-section elementor-top-section elementor-element elementor-element-e2173fc elementor-section-boxed elementor-section-height-default elementor-section-height-default\" data-id=\"e2173fc\" data-element_type=\"section\">\n\t\t\t\t\t\t<div class=\"elementor-container elementor-column-gap-default\">\n\t\t\t\t\t<div class=\"elementor-column elementor-col-100 elementor-top-column elementor-element elementor-element-3e446bf\" data-id=\"3e446bf\" data-element_type=\"column\">\n\t\t\t<div class=\"elementor-widget-wrap elementor-element-populated\">\n\t\t\t\t\t\t<div class=\"elementor-element elementor-element-4d42fc9 elementor-widget elementor-widget-gallery\" data-id=\"4d42fc9\" data-element_type=\"widget\" data-settings=\"{&quot;lazyload&quot;:&quot;yes&quot;,&quot;gallery_layout&quot;:&quot;grid&quot;,&quot;columns&quot;:4,&quot;columns_tablet&quot;:2,&quot;columns_mobile&quot;:1,&quot;gap&quot;:{&quot;unit&quot;:&quot;px&quot;,&quot;size&quot;:10,&quot;sizes&quot;:[]},&quot;gap_tablet&quot;:{&quot;unit&quot;:&quot;px&quot;,&quot;size&quot;:10,&quot;sizes&quot;:[]},&quot;gap_mobile&quot;:{&quot;unit&quot;:&quot;px&quot;,&quot;size&quot;:10,&quot;sizes&quot;:[]},&quot;aspect_ratio&quot;:&quot;3:2&quot;,&quot;overlay_background&quot;:&quot;yes&quot;,&quot;content_hover_animation&quot;:&quot;fade-in&quot;}\" data-widget_type=\"gallery.default\">\n\t\t\t\t<div class=\"elementor-widget-container\">\n\t\t\t\t\t\t\t<div class=\"elementor-gallery__container\">\n\t\t\t\t\t\t\t<div class=\"e-gallery-item elementor-gallery-item elementor-animated-content\">\n\t\t\t\t\t<div class=\"e-gallery-image elementor-gallery-item__image\" data-thumbnail=\"https:\/\/hejanpol.pl\/wp-content\/uploads\/2025\/03\/002.jpg\" data-width=\"300\" data-height=\"188\" aria-label=\"HEJANPOL \u2022 Brukarstwo, roboty zieamne, budowa parking\u00f3w, utrzymanie dr\u00f3g i autostrad\" role=\"img\" ><\/div>\n\t\t\t\t\t\t\t\t\t\t\t<div class=\"elementor-gallery-item__overlay\"><\/div>\n\t\t\t\t\t\t\t\t\t\t\t\t\t\t<\/div>\n\t\t\t\t\t\t\t<div class=\"e-gallery-item elementor-gallery-item elementor-animated-content\">\n\t\t\t\t\t<div class=\"e-gallery-image elementor-gallery-item__image\" data-thumbnail=\"https:\/\/hejanpol.pl\/wp-content\/uploads\/2025\/03\/017.jpg\" data-width=\"300\" data-height=\"188\" aria-label=\"HEJANPOL \u2022 Brukarstwo, roboty zieamne, budowa parking\u00f3w, utrzymanie dr\u00f3g i autostrad\" role=\"img\" ><\/div>\n\t\t\t\t\t\t\t\t\t\t\t<div class=\"elementor-gallery-item__overlay\"><\/div>\n\t\t\t\t\t\t\t\t\t\t\t\t\t\t<\/div>\n\t\t\t\t\t\t\t<div class=\"e-gallery-item elementor-gallery-item elementor-animated-content\">\n\t\t\t\t\t<div class=\"e-gallery-image elementor-gallery-item__image\" data-thumbnail=\"https:\/\/hejanpol.pl\/wp-content\/uploads\/2025\/03\/015.jpg\" data-width=\"300\" data-height=\"188\" aria-label=\"HEJANPOL \u2022 Brukarstwo, roboty zieamne, budowa parking\u00f3w, utrzymanie dr\u00f3g i autostrad\" role=\"img\" ><\/div>\n\t\t\t\t\t\t\t\t\t\t\t<div class=\"elementor-gallery-item__overlay\"><\/div>\n\t\t\t\t\t\t\t\t\t\t\t\t\t\t<\/div>\n\t\t\t\t\t\t\t<div class=\"e-gallery-item elementor-gallery-item elementor-animated-content\">\n\t\t\t\t\t<div class=\"e-gallery-image elementor-gallery-item__image\" data-thumbnail=\"https:\/\/hejanpol.pl\/wp-content\/uploads\/2025\/03\/021.jpg\" data-width=\"300\" data-height=\"188\" aria-label=\"HEJANPOL \u2022 Brukarstwo, roboty zieamne, budowa parking\u00f3w, utrzymanie dr\u00f3g i autostrad\" role=\"img\" ><\/div>\n\t\t\t\t\t\t\t\t\t\t\t<div class=\"elementor-gallery-item__overlay\"><\/div>\n\t\t\t\t\t\t\t\t\t\t\t\t\t\t<\/div>\n\t\t\t\t\t\t\t<div class=\"e-gallery-item elementor-gallery-item elementor-animated-content\">\n\t\t\t\t\t<div class=\"e-gallery-image elementor-gallery-item__image\" data-thumbnail=\"https:\/\/hejanpol.pl\/wp-content\/uploads\/2025\/03\/022.jpg\" data-width=\"300\" data-height=\"188\" aria-label=\"HEJANPOL \u2022 Brukarstwo, roboty zieamne, budowa parking\u00f3w, utrzymanie dr\u00f3g i autostrad\" role=\"img\" ><\/div>\n\t\t\t\t\t\t\t\t\t\t\t<div class=\"elementor-gallery-item__overlay\"><\/div>\n\t\t\t\t\t\t\t\t\t\t\t\t\t\t<\/div>\n\t\t\t\t\t\t\t<div class=\"e-gallery-item elementor-gallery-item elementor-animated-content\">\n\t\t\t\t\t<div class=\"e-gallery-image elementor-gallery-item__image\" data-thumbnail=\"https:\/\/hejanpol.pl\/wp-content\/uploads\/2025\/03\/0041.jpg\" data-width=\"300\" data-height=\"188\" aria-label=\"HEJANPOL \u2022 Brukarstwo, roboty zieamne, budowa parking\u00f3w, utrzymanie dr\u00f3g i autostrad\" role=\"img\" ><\/div>\n\t\t\t\t\t\t\t\t\t\t\t<div class=\"elementor-gallery-item__overlay\"><\/div>\n\t\t\t\t\t\t\t\t\t\t\t\t\t\t<\/div>\n\t\t\t\t\t\t\t<div class=\"e-gallery-item elementor-gallery-item elementor-animated-content\">\n\t\t\t\t\t<div class=\"e-gallery-image elementor-gallery-item__image\" data-thumbnail=\"https:\/\/hejanpol.pl\/wp-content\/uploads\/2025\/03\/018.jpg\" data-width=\"300\" data-height=\"188\" aria-label=\"HEJANPOL \u2022 Brukarstwo, roboty zieamne, budowa parking\u00f3w, utrzymanie dr\u00f3g i autostrad\" role=\"img\" ><\/div>\n\t\t\t\t\t\t\t\t\t\t\t<div class=\"elementor-gallery-item__overlay\"><\/div>\n\t\t\t\t\t\t\t\t\t\t\t\t\t\t<\/div>\n\t\t\t\t\t\t\t<div class=\"e-gallery-item elementor-gallery-item elementor-animated-content\">\n\t\t\t\t\t<div class=\"e-gallery-image elementor-gallery-item__image\" data-thumbnail=\"https:\/\/hejanpol.pl\/wp-content\/uploads\/2025\/03\/012.jpg\" data-width=\"300\" data-height=\"188\" aria-label=\"HEJANPOL \u2022 Brukarstwo, roboty zieamne, budowa parking\u00f3w, utrzymanie dr\u00f3g i autostrad\" role=\"img\" ><\/div>\n\t\t\t\t\t\t\t\t\t\t\t<div class=\"elementor-gallery-item__overlay\"><\/div>\n\t\t\t\t\t\t\t\t\t\t\t\t\t\t<\/div>\n\t\t\t\t\t<\/div>\n\t\t\t\t\t<\/div>\n\t\t\t\t<\/div>\n\t\t\t\t\t<\/div>\n\t\t<\/div>\n\t\t\t\t\t<\/div>\n\t\t<\/section>\n\t\t\t\t<section class=\"elementor-section elementor-top-section elementor-element elementor-element-e76d2c0 elementor-section-content-middle elementor-section-boxed elementor-section-height-default elementor-section-height-default\" data-id=\"e76d2c0\" data-element_type=\"section\">\n\t\t\t\t\t\t<div class=\"elementor-container elementor-column-gap-no\">\n\t\t\t\t\t<div class=\"elementor-column elementor-col-50 elementor-top-column elementor-element elementor-element-4cf9d8e\" data-id=\"4cf9d8e\" data-element_type=\"column\">\n\t\t\t<div class=\"elementor-widget-wrap elementor-element-populated\">\n\t\t\t\t\t\t<div class=\"elementor-element elementor-element-74779fb elementor-widget elementor-widget-heading\" data-id=\"74779fb\" data-element_type=\"widget\" data-widget_type=\"heading.default\">\n\t\t\t\t<div class=\"elementor-widget-container\">\n\t\t\t\t\t<h4 class=\"elementor-heading-title elementor-size-default\">Nasi partnerzy<\/h4>\t\t\t\t<\/div>\n\t\t\t\t<\/div>\n\t\t\t\t<div class=\"elementor-element elementor-element-9511495 elementor-widget elementor-widget-heading\" data-id=\"9511495\" data-element_type=\"widget\" data-widget_type=\"heading.default\">\n\t\t\t\t<div class=\"elementor-widget-container\">\n\t\t\t\t\t<h5 class=\"elementor-heading-title elementor-size-default\">Wsp\u00f3\u0142pracujemy z renomowanymi firmami i instytucjami, kt\u00f3re podzielaj\u0105 nasze warto\u015bci i zaanga\u017cowanie w jako\u015b\u0107. Dzi\u0119ki tym partnerstwom mo\u017cemy dostarcza\u0107 najlepsze rozwi\u0105zania i nieustannie si\u0119 rozwija\u0107. <\/h5>\t\t\t\t<\/div>\n\t\t\t\t<\/div>\n\t\t\t\t\t<\/div>\n\t\t<\/div>\n\t\t\t\t<div class=\"elementor-column elementor-col-50 elementor-top-column elementor-element elementor-element-7bdf7f3\" data-id=\"7bdf7f3\" data-element_type=\"column\">\n\t\t\t<div class=\"elementor-widget-wrap elementor-element-populated\">\n\t\t\t\t\t\t<div class=\"elementor-element elementor-element-ea17600 elementor-skin-carousel elementor-widget elementor-widget-media-carousel\" data-id=\"ea17600\" data-element_type=\"widget\" data-settings=\"{&quot;slides_per_view&quot;:&quot;4&quot;,&quot;space_between&quot;:{&quot;unit&quot;:&quot;px&quot;,&quot;size&quot;:0,&quot;sizes&quot;:[]},&quot;speed&quot;:700,&quot;autoplay_speed&quot;:700,&quot;skin&quot;:&quot;carousel&quot;,&quot;effect&quot;:&quot;slide&quot;,&quot;autoplay&quot;:&quot;yes&quot;,&quot;loop&quot;:&quot;yes&quot;,&quot;pause_on_hover&quot;:&quot;yes&quot;,&quot;pause_on_interaction&quot;:&quot;yes&quot;,&quot;space_between_tablet&quot;:{&quot;unit&quot;:&quot;px&quot;,&quot;size&quot;:10,&quot;sizes&quot;:[]},&quot;space_between_mobile&quot;:{&quot;unit&quot;:&quot;px&quot;,&quot;size&quot;:10,&quot;sizes&quot;:[]}}\" data-widget_type=\"media-carousel.default\">\n\t\t\t\t<div class=\"elementor-widget-container\">\n\t\t\t\t\t\t\t\t\t<div class=\"elementor-swiper\">\n\t\t\t\t\t<div class=\"elementor-main-swiper swiper\" role=\"region\" aria-roledescription=\"carousel\" aria-label=\"Klient\">\n\t\t\t\t<div class=\"swiper-wrapper\">\n\t\t\t\t\t\t\t\t\t\t\t<div class=\"swiper-slide\" role=\"group\" aria-roledescription=\"slide\">\n\t\t\t\t\t\t\t\t\t<div class=\"elementor-carousel-image\" role=\"img\" aria-label=\"HEJANPOL \u2022 Brukarstwo, roboty ziemne, budowa parking\u00f3w, utrzymanie dr\u00f3g i autostrad\" style=\"background-image: url(&#039;https:\/\/hejanpol.pl\/wp-content\/uploads\/2025\/03\/ziel-bruk.jpg&#039;)\">\n\n\t\t\t\n\t\t\t\t\t<\/div>\n\t\t\t\t\t\t\t\t<\/div>\n\t\t\t\t\t\t\t\t\t\t\t<div class=\"swiper-slide\" role=\"group\" aria-roledescription=\"slide\">\n\t\t\t\t\t\t\t\t\t<div class=\"elementor-carousel-image\" role=\"img\" aria-label=\"HEJANPOL \u2022 Brukarstwo, roboty ziemne, budowa parking\u00f3w, utrzymanie dr\u00f3g i autostrad\" style=\"background-image: url(&#039;https:\/\/hejanpol.pl\/wp-content\/uploads\/2025\/03\/holcim.jpg&#039;)\">\n\n\t\t\t\n\t\t\t\t\t<\/div>\n\t\t\t\t\t\t\t\t<\/div>\n\t\t\t\t\t\t\t\t\t\t\t<div class=\"swiper-slide\" role=\"group\" aria-roledescription=\"slide\">\n\t\t\t\t\t\t\t\t\t<div class=\"elementor-carousel-image\" role=\"img\" aria-label=\"HEJANPOL \u2022 Brukarstwo, roboty ziemne, budowa parking\u00f3w, utrzymanie dr\u00f3g i autostrad\" style=\"background-image: url(&#039;https:\/\/hejanpol.pl\/wp-content\/uploads\/2025\/03\/bt.jpg&#039;)\">\n\n\t\t\t\n\t\t\t\t\t<\/div>\n\t\t\t\t\t\t\t\t<\/div>\n\t\t\t\t\t\t\t\t\t<\/div>\n\t\t\t\t\t\t\t\t\t\t\t\t\t\t\t\t\t\t\t\t\t<\/div>\n\t\t\t\t<\/div>\n\t\t\t\t\t\t\t\t<\/div>\n\t\t\t\t<\/div>\n\t\t\t\t\t<\/div>\n\t\t<\/div>\n\t\t\t\t\t<\/div>\n\t\t<\/section>\n\t\t\t\t<section class=\"elementor-section elementor-top-section elementor-element elementor-element-c2cc345 elementor-section-content-middle elementor-section-boxed elementor-section-height-default elementor-section-height-default\" data-id=\"c2cc345\" data-element_type=\"section\">\n\t\t\t\t\t\t<div class=\"elementor-container elementor-column-gap-no\">\n\t\t\t\t\t<div class=\"elementor-column elementor-col-50 elementor-top-column elementor-element elementor-element-012c7f8\" data-id=\"012c7f8\" data-element_type=\"column\">\n\t\t\t<div class=\"elementor-widget-wrap elementor-element-populated\">\n\t\t\t\t\t\t<div class=\"elementor-element elementor-element-057e678 elementor-widget elementor-widget-heading\" data-id=\"057e678\" data-element_type=\"widget\" data-widget_type=\"heading.default\">\n\t\t\t\t<div class=\"elementor-widget-container\">\n\t\t\t\t\t<h4 class=\"elementor-heading-title elementor-size-default\">Zaufali Nam<\/h4>\t\t\t\t<\/div>\n\t\t\t\t<\/div>\n\t\t\t\t<div class=\"elementor-element elementor-element-3c2bc27 elementor-widget elementor-widget-heading\" data-id=\"3c2bc27\" data-element_type=\"widget\" data-widget_type=\"heading.default\">\n\t\t\t\t<div class=\"elementor-widget-container\">\n\t\t\t\t\t<h5 class=\"elementor-heading-title elementor-size-default\">Mamy na swoim koncie grono zadowolonych klient\u00f3w.\nBrakuje nam tylko Ciebie.\n<\/h5>\t\t\t\t<\/div>\n\t\t\t\t<\/div>\n\t\t\t\t\t<\/div>\n\t\t<\/div>\n\t\t\t\t<div class=\"elementor-column elementor-col-50 elementor-top-column elementor-element elementor-element-4c99c2e\" data-id=\"4c99c2e\" data-element_type=\"column\">\n\t\t\t<div class=\"elementor-widget-wrap elementor-element-populated\">\n\t\t\t\t\t\t<div class=\"elementor-element elementor-element-ed23573 elementor-pagination-position-inside elementor-skin-carousel elementor-pagination-type-bullets elementor-widget elementor-widget-media-carousel\" data-id=\"ed23573\" data-element_type=\"widget\" data-settings=\"{&quot;slides_per_view&quot;:&quot;4&quot;,&quot;space_between&quot;:{&quot;unit&quot;:&quot;px&quot;,&quot;size&quot;:0,&quot;sizes&quot;:[]},&quot;speed&quot;:700,&quot;autoplay_speed&quot;:700,&quot;skin&quot;:&quot;carousel&quot;,&quot;effect&quot;:&quot;slide&quot;,&quot;pagination&quot;:&quot;bullets&quot;,&quot;autoplay&quot;:&quot;yes&quot;,&quot;loop&quot;:&quot;yes&quot;,&quot;pause_on_hover&quot;:&quot;yes&quot;,&quot;pause_on_interaction&quot;:&quot;yes&quot;,&quot;space_between_tablet&quot;:{&quot;unit&quot;:&quot;px&quot;,&quot;size&quot;:10,&quot;sizes&quot;:[]},&quot;space_between_mobile&quot;:{&quot;unit&quot;:&quot;px&quot;,&quot;size&quot;:10,&quot;sizes&quot;:[]}}\" data-widget_type=\"media-carousel.default\">\n\t\t\t\t<div class=\"elementor-widget-container\">\n\t\t\t\t\t\t\t\t\t<div class=\"elementor-swiper\">\n\t\t\t\t\t<div class=\"elementor-main-swiper swiper\" role=\"region\" aria-roledescription=\"carousel\" aria-label=\"Klient\">\n\t\t\t\t<div class=\"swiper-wrapper\">\n\t\t\t\t\t\t\t\t\t\t\t<div class=\"swiper-slide\" role=\"group\" aria-roledescription=\"slide\">\n\t\t\t\t\t\t\t\t\t<div class=\"elementor-carousel-image\" role=\"img\" aria-label=\"HEJANPOL \u2022 Brukarstwo, roboty ziemne, budowa parking\u00f3w, utrzymanie dr\u00f3g i autostrad\" style=\"background-image: url(&#039;https:\/\/hejanpol.pl\/wp-content\/uploads\/2025\/03\/ptimd_jawor.jpg&#039;)\">\n\n\t\t\t\n\t\t\t\t\t<\/div>\n\t\t\t\t\t\t\t\t<\/div>\n\t\t\t\t\t\t\t\t\t\t\t<div class=\"swiper-slide\" role=\"group\" aria-roledescription=\"slide\">\n\t\t\t\t\t\t\t\t\t<div class=\"elementor-carousel-image\" role=\"img\" aria-label=\"HEJANPOL \u2022 Brukarstwo, roboty ziemne, budowa parking\u00f3w, utrzymanie dr\u00f3g i autostrad\" style=\"background-image: url(&#039;https:\/\/hejanpol.pl\/wp-content\/uploads\/2025\/03\/magnaplast.jpg&#039;)\">\n\n\t\t\t\n\t\t\t\t\t<\/div>\n\t\t\t\t\t\t\t\t<\/div>\n\t\t\t\t\t\t\t\t\t\t\t<div class=\"swiper-slide\" role=\"group\" aria-roledescription=\"slide\">\n\t\t\t\t\t\t\t\t\t<div class=\"elementor-carousel-image\" role=\"img\" aria-label=\"HEJANPOL \u2022 Brukarstwo, roboty ziemne, budowa parking\u00f3w, utrzymanie dr\u00f3g i autostrad\" style=\"background-image: url(&#039;https:\/\/hejanpol.pl\/wp-content\/uploads\/2025\/03\/kreator.jpg&#039;)\">\n\n\t\t\t\n\t\t\t\t\t<\/div>\n\t\t\t\t\t\t\t\t<\/div>\n\t\t\t\t\t\t\t\t\t\t\t<div class=\"swiper-slide\" role=\"group\" aria-roledescription=\"slide\">\n\t\t\t\t\t\t\t\t\t<div class=\"elementor-carousel-image\" role=\"img\" aria-label=\"HEJANPOL \u2022 Brukarstwo, roboty ziemne, budowa parking\u00f3w, utrzymanie dr\u00f3g i autostrad\" style=\"background-image: url(&#039;https:\/\/hejanpol.pl\/wp-content\/uploads\/2025\/03\/JASIEN.jpg&#039;)\">\n\n\t\t\t\n\t\t\t\t\t<\/div>\n\t\t\t\t\t\t\t\t<\/div>\n\t\t\t\t\t\t\t\t\t\t\t<div class=\"swiper-slide\" role=\"group\" aria-roledescription=\"slide\">\n\t\t\t\t\t\t\t\t\t<div class=\"elementor-carousel-image\" role=\"img\" aria-label=\"HEJANPOL \u2022 Brukarstwo, roboty ziemne, budowa parking\u00f3w, utrzymanie dr\u00f3g i autostrad\" style=\"background-image: url(&#039;https:\/\/hejanpol.pl\/wp-content\/uploads\/2025\/03\/ilowa.jpg&#039;)\">\n\n\t\t\t\n\t\t\t\t\t<\/div>\n\t\t\t\t\t\t\t\t<\/div>\n\t\t\t\t\t\t\t\t\t\t\t<div class=\"swiper-slide\" role=\"group\" aria-roledescription=\"slide\">\n\t\t\t\t\t\t\t\t\t<div class=\"elementor-carousel-image\" role=\"img\" aria-label=\"HEJANPOL \u2022 Brukarstwo, roboty ziemne, budowa parking\u00f3w, utrzymanie dr\u00f3g i autostrad\" style=\"background-image: url(&#039;https:\/\/hejanpol.pl\/wp-content\/uploads\/2025\/03\/grodzisk.jpg&#039;)\">\n\n\t\t\t\n\t\t\t\t\t<\/div>\n\t\t\t\t\t\t\t\t<\/div>\n\t\t\t\t\t\t\t\t\t\t\t<div class=\"swiper-slide\" role=\"group\" aria-roledescription=\"slide\">\n\t\t\t\t\t\t\t\t\t<div class=\"elementor-carousel-image\" role=\"img\" aria-label=\"HEJANPOL \u2022 Brukarstwo, roboty ziemne, budowa parking\u00f3w, utrzymanie dr\u00f3g i autostrad\" style=\"background-image: url(&#039;https:\/\/hejanpol.pl\/wp-content\/uploads\/2025\/03\/eltel.jpg&#039;)\">\n\n\t\t\t\n\t\t\t\t\t<\/div>\n\t\t\t\t\t\t\t\t<\/div>\n\t\t\t\t\t\t\t\t\t<\/div>\n\t\t\t\t\t\t\t\t\t\t\t\t\t\t\t\t\t\t\t\t<div class=\"swiper-pagination\"><\/div>\n\t\t\t\t\t\t\t\t\t\t\t\t<\/div>\n\t\t\t\t<\/div>\n\t\t\t\t\t\t\t\t<\/div>\n\t\t\t\t<\/div>\n\t\t\t\t\t<\/div>\n\t\t<\/div>\n\t\t\t\t\t<\/div>\n\t\t<\/section>\n\t\t\t\t<\/div>\n\t\t","protected":false},"excerpt":{"rendered":"<p>O firmie Od samego pocz\u0105tku naszej dzia\u0142alno\u015bci, a mia\u0142o to miejsce w 2007 roku, specjalizujemy si\u0119 w budownictwie drogowym. Brukarstwo, wykopy, roboty ziemne, budowa plac\u00f3w, parking\u00f3w, chodnik\u00f3w jest naszym g\u0142\u00f3wnym profilem dzia\u0142alno\u015bci. Zajmujemy si\u0119 r\u00f3wnie\u017c koszeniem traw i chwast\u00f3w przy drogach ekspresowych i autostradach. W okresie zimowym od\u015bnie\u017camy tereny utwardzone market\u00f3w, zak\u0142ad\u00f3w pracy, stacji benzynowych [&hellip;]<\/p>\n","protected":false},"author":1,"featured_media":0,"parent":0,"menu_order":0,"comment_status":"closed","ping_status":"closed","template":"","meta":{"footnotes":""},"class_list":["post-1678","page","type-page","status-publish","hentry"],"_links":{"self":[{"href":"https:\/\/hejanpol.pl\/index.php\/wp-json\/wp\/v2\/pages\/1678","targetHints":{"allow":["GET"]}}],"collection":[{"href":"https:\/\/hejanpol.pl\/index.php\/wp-json\/wp\/v2\/pages"}],"about":[{"href":"https:\/\/hejanpol.pl\/index.php\/wp-json\/wp\/v2\/types\/page"}],"author":[{"embeddable":true,"href":"https:\/\/hejanpol.pl\/index.php\/wp-json\/wp\/v2\/users\/1"}],"replies":[{"embeddable":true,"href":"https:\/\/hejanpol.pl\/index.php\/wp-json\/wp\/v2\/comments?post=1678"}],"version-history":[{"count":50,"href":"https:\/\/hejanpol.pl\/index.php\/wp-json\/wp\/v2\/pages\/1678\/revisions"}],"predecessor-version":[{"id":2008,"href":"https:\/\/hejanpol.pl\/index.php\/wp-json\/wp\/v2\/pages\/1678\/revisions\/2008"}],"wp:attachment":[{"href":"https:\/\/hejanpol.pl\/index.php\/wp-json\/wp\/v2\/media?parent=1678"}],"curies":[{"name":"wp","href":"https:\/\/api.w.org\/{rel}","templated":true}]}}